{"id":1233,"date":"2021-08-13T18:43:14","date_gmt":"2021-08-13T16:43:14","guid":{"rendered":"https:\/\/www.huebenburg.com\/?page_id=1233"},"modified":"2024-07-03T17:47:31","modified_gmt":"2024-07-03T15:47:31","slug":"gartenanlage","status":"publish","type":"page","link":"https:\/\/www.huebenburg.com\/index.php\/gartenanlage\/","title":{"rendered":"Gartenanlage"},"content":{"rendered":"[vc_row type=&#8221;full_width_background&#8221; full_screen_row_position=&#8221;middle&#8221; column_margin=&#8221;default&#8221; equal_height=&#8221;yes&#8221; content_placement=&#8221;middle&#8221; column_direction=&#8221;default&#8221; column_direction_tablet=&#8221;default&#8221; column_direction_phone=&#8221;default&#8221; bg_color=&#8221;#f2efea&#8221; scene_position=&#8221;center&#8221; top_padding=&#8221;5%&#8221; bottom_padding=&#8221;3%&#8221; text_color=&#8221;dark&#8221; text_align=&#8221;left&#8221; row_border_radius=&#8221;none&#8221; row_border_radius_applies=&#8221;bg&#8221; overflow=&#8221;visible&#8221; id=&#8221;explainer&#8221; overlay_strength=&#8221;0.3&#8243; gradient_direction=&#8221;left_to_right&#8221; shape_divider_position=&#8221;bottom&#8221; bg_image_animation=&#8221;none&#8221; shape_type=&#8221;&#8221;][vc_column column_padding=&#8221;padding-2-percent&#8221; column_padding_tablet=&#8221;inherit&#8221; column_padding_phone=&#8221;inherit&#8221; column_padding_position=&#8221;right&#8221; column_element_direction_desktop=&#8221;default&#8221; column_element_spacing=&#8221;default&#8221; desktop_text_alignment=&#8221;default&#8221; tablet_text_alignment=&#8221;default&#8221; phone_text_alignment=&#8221;default&#8221; background_color_opacity=&#8221;1&#8243; background_hover_color_opacity=&#8221;1&#8243; column_backdrop_filter=&#8221;none&#8221; column_shadow=&#8221;none&#8221; column_border_radius=&#8221;none&#8221; column_link_target=&#8221;_self&#8221; column_position=&#8221;default&#8221; gradient_direction=&#8221;left_to_right&#8221; overlay_strength=&#8221;0.3&#8243; width=&#8221;1\/3&#8243; tablet_width_inherit=&#8221;default&#8221; animation_type=&#8221;default&#8221; bg_image_animation=&#8221;none&#8221; border_type=&#8221;simple&#8221; column_border_width=&#8221;none&#8221; column_border_style=&#8221;solid&#8221;][vc_column_text css_animation=&#8221;fadeInUp&#8221; css=&#8221;.vc_custom_1651943345321{margin-bottom: 30px !important;}&#8221;]\n<h4>Highlight #3<\/h4>\n<h1>Gro\u00dfer Garten<\/h1>\n<h3>zum Wohlf\u00fchlen<\/h3>\n<p>&nbsp;<\/p>\n<p>Vom Alltag entspannen und abschalten: bei einem Espresso auf unserer Sitzterrasse, einer Lekt\u00fcre in der H\u00e4ngematte oder im Liegestuhl oder einem Erholungsbad im warmen Whirlpool.<\/p>\n<p>Neben unserem Pool finden Sie im Au\u00dfenbereich:<\/p>\n<ul>\n<li>einen gro\u00dfz\u00fcgigen, abgeschlossenen und <b>\u00fcberdachten<\/b> Parkplatz f\u00fcr Ihr Auto und Motorrad. Gesch\u00fctzt vor Sonne, Regen, Hagel und Schnee.<\/li>\n<li>eine kostenpflichtige Ladestation f\u00fcr Elektroautos mit Stecker vom Typ 2 (10 kW).<\/li>\n<li>ein gro\u00dfes Gartenh\u00e4uschen mit Gesellschaftsspielen, Espressomaschine zur freien Verf\u00fcgung, Zeitschriften, Wanderb\u00fcchern und -karten.<\/li>\n<li>Hot-Whirlpool mit 36\u00b0 C<\/li>\n<li>gro\u00dfz\u00fcgige Liegewiesen mit Liegest\u00fchlen<\/li>\n<li>Panoramapergola im Weingarten<\/li>\n<li>gen\u00fcgend Sitzm\u00f6glichkeiten verstreut im Garten<\/li>\n<li>Hollywoodschaukel<\/li>\n<li>H\u00e4ngematte<\/li>\n<li>Tischtennis<\/li>\n<li>Tischfu\u00dfball<\/li>\n<li>Grillm\u00f6glichkeit<\/li>\n<li>Kinderspielplatz mit Schaukel, Sandkasten<\/li>\n<\/ul>\n[\/vc_column_text][\/vc_column][vc_column column_padding=&#8221;padding-2-percent&#8221; column_padding_tablet=&#8221;inherit&#8221; column_padding_phone=&#8221;inherit&#8221; column_padding_position=&#8221;all&#8221; column_element_direction_desktop=&#8221;default&#8221; column_element_spacing=&#8221;default&#8221; desktop_text_alignment=&#8221;default&#8221; tablet_text_alignment=&#8221;default&#8221; phone_text_alignment=&#8221;default&#8221; background_color_opacity=&#8221;1&#8243; background_hover_color_opacity=&#8221;1&#8243; column_backdrop_filter=&#8221;none&#8221; column_shadow=&#8221;none&#8221; column_border_radius=&#8221;none&#8221; column_link_target=&#8221;_self&#8221; column_position=&#8221;default&#8221; gradient_direction=&#8221;left_to_right&#8221; overlay_strength=&#8221;0.3&#8243; width=&#8221;2\/3&#8243; tablet_width_inherit=&#8221;default&#8221; animation_type=&#8221;default&#8221; bg_image_animation=&#8221;none&#8221; border_type=&#8221;simple&#8221; column_border_width=&#8221;none&#8221; column_border_style=&#8221;solid&#8221;][image_with_animation image_url=&#8221;432&#8243; image_size=&#8221;full&#8221; animation_type=&#8221;entrance&#8221; animation=&#8221;Fade In From Bottom&#8221; animation_easing=&#8221;default&#8221; animation_movement_type=&#8221;transform_y&#8221; hover_animation=&#8221;none&#8221; alignment=&#8221;&#8221; img_link_large=&#8221;yes&#8221; border_radius=&#8221;none&#8221; box_shadow=&#8221;none&#8221; image_loading=&#8221;default&#8221; max_width=&#8221;125%&#8221; max_width_mobile=&#8221;default&#8221;][\/vc_column][\/vc_row][vc_row type=&#8221;full_width_background&#8221; full_screen_row_position=&#8221;middle&#8221; column_margin=&#8221;default&#8221; equal_height=&#8221;yes&#8221; content_placement=&#8221;middle&#8221; column_direction=&#8221;default&#8221; column_direction_tablet=&#8221;default&#8221; column_direction_phone=&#8221;default&#8221; bg_color=&#8221;#f2efea&#8221; scene_position=&#8221;center&#8221; top_padding=&#8221;5%&#8221; bottom_padding=&#8221;3%&#8221; text_color=&#8221;dark&#8221; text_align=&#8221;left&#8221; row_border_radius=&#8221;none&#8221; row_border_radius_applies=&#8221;bg&#8221; overflow=&#8221;visible&#8221; id=&#8221;explainer&#8221; overlay_strength=&#8221;0.3&#8243; gradient_direction=&#8221;left_to_right&#8221; shape_divider_position=&#8221;bottom&#8221; bg_image_animation=&#8221;none&#8221; shape_type=&#8221;&#8221;][vc_column column_padding=&#8221;padding-2-percent&#8221; column_padding_tablet=&#8221;inherit&#8221; column_padding_phone=&#8221;inherit&#8221; column_padding_position=&#8221;right&#8221; column_element_direction_desktop=&#8221;default&#8221; column_element_spacing=&#8221;default&#8221; desktop_text_alignment=&#8221;default&#8221; tablet_text_alignment=&#8221;default&#8221; phone_text_alignment=&#8221;default&#8221; background_color_opacity=&#8221;1&#8243; background_hover_color_opacity=&#8221;1&#8243; column_backdrop_filter=&#8221;none&#8221; column_shadow=&#8221;none&#8221; column_border_radius=&#8221;none&#8221; column_link_target=&#8221;_self&#8221; column_position=&#8221;default&#8221; gradient_direction=&#8221;left_to_right&#8221; overlay_strength=&#8221;0.3&#8243; width=&#8221;1\/1&#8243; tablet_width_inherit=&#8221;default&#8221; animation_type=&#8221;default&#8221; bg_image_animation=&#8221;none&#8221; border_type=&#8221;simple&#8221; column_border_width=&#8221;none&#8221; column_border_style=&#8221;solid&#8221;][vc_gallery css=&#8221;&#8221; type=&#8221;image_grid&#8221; images=&#8221;1042,1014,980,992,3261&#8243; image_grid_loading=&#8221;default&#8221; layout=&#8221;2&#8243; masonry_style=&#8221;true&#8221; item_spacing=&#8221;default&#8221; gallery_style=&#8221;7&#8243; load_in_animation=&#8221;none&#8221;][\/vc_column][\/vc_row]\n","protected":false},"excerpt":{"rendered":"<p>[vc_row type=&#8221;full_width_background&#8221; full_screen_row_position=&#8221;middle&#8221; column_margin=&#8221;default&#8221; equal_height=&#8221;yes&#8221; content_placement=&#8221;middle&#8221; column_direction=&#8221;default&#8221; column_direction_tablet=&#8221;default&#8221; column_direction_phone=&#8221;default&#8221; bg_color=&#8221;#f2efea&#8221; scene_position=&#8221;center&#8221; top_padding=&#8221;5%&#8221; bottom_padding=&#8221;3%&#8221; text_color=&#8221;dark&#8221; text_align=&#8221;left&#8221; row_border_radius=&#8221;none&#8221; row_border_radius_applies=&#8221;bg&#8221; overflow=&#8221;visible&#8221; id=&#8221;explainer&#8221; overlay_strength=&#8221;0.3&#8243; gradient_direction=&#8221;left_to_right&#8221; shape_divider_position=&#8221;bottom&#8221; bg_image_animation=&#8221;none&#8221; shape_type=&#8221;&#8221;][vc_column column_padding=&#8221;padding-2-percent&#8221; column_padding_tablet=&#8221;inherit&#8221; column_padding_phone=&#8221;inherit&#8221; column_padding_position=&#8221;right&#8221; column_element_direction_desktop=&#8221;default&#8221; column_element_spacing=&#8221;default&#8221;&#8230;<\/p>\n","protected":false},"author":1,"featured_media":0,"parent":0,"menu_order":0,"comment_status":"closed","ping_status":"closed","template":"","meta":{"footnotes":""},"class_list":["post-1233","page","type-page","status-publish"],"yoast_head":"<!-- This site is optimized with the Yoast SEO plugin v27.6 - https:\/\/yoast.com\/product\/yoast-seo-wordpress\/ -->\n<title>Gro\u00dfer, idyllischer Garten zum Wohlf\u00fchlen - Huebenburg<\/title>\n<meta name=\"description\" content=\"Vom Alltag entspannen und abschalten: bei einem Espresso auf der Terrasse oder einem Erholungsbad im Whirlpool. M\u00f6glichkeiten gibt es genug,\" \/>\n<meta name=\"robots\" content=\"index, follow, max-snippet:-1, max-image-preview:large, max-video-preview:-1\" \/>\n<link rel=\"canonical\" href=\"https:\/\/www.huebenburg.com\/index.php\/gartenanlage\/\" \/>\n<meta property=\"og:locale\" content=\"en_US\" \/>\n<meta property=\"og:type\" content=\"article\" \/>\n<meta property=\"og:title\" content=\"Gro\u00dfer, idyllischer Garten zum Wohlf\u00fchlen - Huebenburg\" \/>\n<meta property=\"og:description\" content=\"Vom Alltag entspannen und abschalten: bei einem Espresso auf der Terrasse oder einem Erholungsbad im Whirlpool. M\u00f6glichkeiten gibt es genug,\" \/>\n<meta property=\"og:url\" content=\"https:\/\/www.huebenburg.com\/index.php\/gartenanlage\/\" \/>\n<meta property=\"og:site_name\" content=\"Huebenburg\" \/>\n<meta property=\"article:publisher\" content=\"https:\/\/www.facebook.com\/huebenburg\/\" \/>\n<meta property=\"article:modified_time\" content=\"2024-07-03T15:47:31+00:00\" \/>\n<meta name=\"twitter:card\" content=\"summary_large_image\" \/>\n<meta name=\"twitter:label1\" content=\"Est. reading time\" \/>\n\t<meta name=\"twitter:data1\" content=\"3 minutes\" \/>\n<script type=\"application\/ld+json\" class=\"yoast-schema-graph\">{\"@context\":\"https:\\\/\\\/schema.org\",\"@graph\":[{\"@type\":\"WebPage\",\"@id\":\"https:\\\/\\\/www.huebenburg.com\\\/index.php\\\/gartenanlage\\\/\",\"url\":\"https:\\\/\\\/www.huebenburg.com\\\/index.php\\\/gartenanlage\\\/\",\"name\":\"Gro\u00dfer, idyllischer Garten zum Wohlf\u00fchlen - Huebenburg\",\"isPartOf\":{\"@id\":\"https:\\\/\\\/www.huebenburg.com\\\/#website\"},\"datePublished\":\"2021-08-13T16:43:14+00:00\",\"dateModified\":\"2024-07-03T15:47:31+00:00\",\"description\":\"Vom Alltag entspannen und abschalten: bei einem Espresso auf der Terrasse oder einem Erholungsbad im Whirlpool. M\u00f6glichkeiten gibt es genug,\",\"breadcrumb\":{\"@id\":\"https:\\\/\\\/www.huebenburg.com\\\/index.php\\\/gartenanlage\\\/#breadcrumb\"},\"inLanguage\":\"en-US\",\"potentialAction\":[{\"@type\":\"ReadAction\",\"target\":[\"https:\\\/\\\/www.huebenburg.com\\\/index.php\\\/gartenanlage\\\/\"]}]},{\"@type\":\"BreadcrumbList\",\"@id\":\"https:\\\/\\\/www.huebenburg.com\\\/index.php\\\/gartenanlage\\\/#breadcrumb\",\"itemListElement\":[{\"@type\":\"ListItem\",\"position\":1,\"name\":\"Startseite\",\"item\":\"https:\\\/\\\/www.huebenburg.com\\\/\"},{\"@type\":\"ListItem\",\"position\":2,\"name\":\"Gartenanlage\"}]},{\"@type\":\"WebSite\",\"@id\":\"https:\\\/\\\/www.huebenburg.com\\\/#website\",\"url\":\"https:\\\/\\\/www.huebenburg.com\\\/\",\"name\":\"Ferienwohnungen Huebenburg in St. Pauls \\\/ Eppan \u2013 Ihr Urlaub mit Pool\",\"description\":\"Traumhafte Ferienwohnungen im S\u00fcden S\u00fcdtirols\",\"publisher\":{\"@id\":\"https:\\\/\\\/www.huebenburg.com\\\/#organization\"},\"potentialAction\":[{\"@type\":\"SearchAction\",\"target\":{\"@type\":\"EntryPoint\",\"urlTemplate\":\"https:\\\/\\\/www.huebenburg.com\\\/?s={search_term_string}\"},\"query-input\":{\"@type\":\"PropertyValueSpecification\",\"valueRequired\":true,\"valueName\":\"search_term_string\"}}],\"inLanguage\":\"en-US\"},{\"@type\":\"Organization\",\"@id\":\"https:\\\/\\\/www.huebenburg.com\\\/#organization\",\"name\":\"Huebenburg\",\"url\":\"https:\\\/\\\/www.huebenburg.com\\\/\",\"logo\":{\"@type\":\"ImageObject\",\"inLanguage\":\"en-US\",\"@id\":\"https:\\\/\\\/www.huebenburg.com\\\/#\\\/schema\\\/logo\\\/image\\\/\",\"url\":\"https:\\\/\\\/www.huebenburg.com\\\/wp-content\\\/uploads\\\/2021\\\/08\\\/logo-huebenburg.png\",\"contentUrl\":\"https:\\\/\\\/www.huebenburg.com\\\/wp-content\\\/uploads\\\/2021\\\/08\\\/logo-huebenburg.png\",\"width\":200,\"height\":80,\"caption\":\"Huebenburg\"},\"image\":{\"@id\":\"https:\\\/\\\/www.huebenburg.com\\\/#\\\/schema\\\/logo\\\/image\\\/\"},\"sameAs\":[\"https:\\\/\\\/www.facebook.com\\\/huebenburg\\\/\",\"https:\\\/\\\/www.instagram.com\\\/Huebenburg\\\/\"]}]}<\/script>\n<!-- \/ Yoast SEO plugin. -->","yoast_head_json":{"title":"Gro\u00dfer, idyllischer Garten zum Wohlf\u00fchlen - Huebenburg","description":"Vom Alltag entspannen und abschalten: bei einem Espresso auf der Terrasse oder einem Erholungsbad im Whirlpool. M\u00f6glichkeiten gibt es genug,","robots":{"index":"index","follow":"follow","max-snippet":"max-snippet:-1","max-image-preview":"max-image-preview:large","max-video-preview":"max-video-preview:-1"},"canonical":"https:\/\/www.huebenburg.com\/index.php\/gartenanlage\/","og_locale":"en_US","og_type":"article","og_title":"Gro\u00dfer, idyllischer Garten zum Wohlf\u00fchlen - Huebenburg","og_description":"Vom Alltag entspannen und abschalten: bei einem Espresso auf der Terrasse oder einem Erholungsbad im Whirlpool. M\u00f6glichkeiten gibt es genug,","og_url":"https:\/\/www.huebenburg.com\/index.php\/gartenanlage\/","og_site_name":"Huebenburg","article_publisher":"https:\/\/www.facebook.com\/huebenburg\/","article_modified_time":"2024-07-03T15:47:31+00:00","twitter_card":"summary_large_image","twitter_misc":{"Est. reading time":"3 minutes"},"schema":{"@context":"https:\/\/schema.org","@graph":[{"@type":"WebPage","@id":"https:\/\/www.huebenburg.com\/index.php\/gartenanlage\/","url":"https:\/\/www.huebenburg.com\/index.php\/gartenanlage\/","name":"Gro\u00dfer, idyllischer Garten zum Wohlf\u00fchlen - Huebenburg","isPartOf":{"@id":"https:\/\/www.huebenburg.com\/#website"},"datePublished":"2021-08-13T16:43:14+00:00","dateModified":"2024-07-03T15:47:31+00:00","description":"Vom Alltag entspannen und abschalten: bei einem Espresso auf der Terrasse oder einem Erholungsbad im Whirlpool. M\u00f6glichkeiten gibt es genug,","breadcrumb":{"@id":"https:\/\/www.huebenburg.com\/index.php\/gartenanlage\/#breadcrumb"},"inLanguage":"en-US","potentialAction":[{"@type":"ReadAction","target":["https:\/\/www.huebenburg.com\/index.php\/gartenanlage\/"]}]},{"@type":"BreadcrumbList","@id":"https:\/\/www.huebenburg.com\/index.php\/gartenanlage\/#breadcrumb","itemListElement":[{"@type":"ListItem","position":1,"name":"Startseite","item":"https:\/\/www.huebenburg.com\/"},{"@type":"ListItem","position":2,"name":"Gartenanlage"}]},{"@type":"WebSite","@id":"https:\/\/www.huebenburg.com\/#website","url":"https:\/\/www.huebenburg.com\/","name":"Ferienwohnungen Huebenburg in St. Pauls \/ Eppan \u2013 Ihr Urlaub mit Pool","description":"Traumhafte Ferienwohnungen im S\u00fcden S\u00fcdtirols","publisher":{"@id":"https:\/\/www.huebenburg.com\/#organization"},"potentialAction":[{"@type":"SearchAction","target":{"@type":"EntryPoint","urlTemplate":"https:\/\/www.huebenburg.com\/?s={search_term_string}"},"query-input":{"@type":"PropertyValueSpecification","valueRequired":true,"valueName":"search_term_string"}}],"inLanguage":"en-US"},{"@type":"Organization","@id":"https:\/\/www.huebenburg.com\/#organization","name":"Huebenburg","url":"https:\/\/www.huebenburg.com\/","logo":{"@type":"ImageObject","inLanguage":"en-US","@id":"https:\/\/www.huebenburg.com\/#\/schema\/logo\/image\/","url":"https:\/\/www.huebenburg.com\/wp-content\/uploads\/2021\/08\/logo-huebenburg.png","contentUrl":"https:\/\/www.huebenburg.com\/wp-content\/uploads\/2021\/08\/logo-huebenburg.png","width":200,"height":80,"caption":"Huebenburg"},"image":{"@id":"https:\/\/www.huebenburg.com\/#\/schema\/logo\/image\/"},"sameAs":["https:\/\/www.facebook.com\/huebenburg\/","https:\/\/www.instagram.com\/Huebenburg\/"]}]}},"_links":{"self":[{"href":"https:\/\/www.huebenburg.com\/index.php\/wp-json\/wp\/v2\/pages\/1233","targetHints":{"allow":["GET"]}}],"collection":[{"href":"https:\/\/www.huebenburg.com\/index.php\/wp-json\/wp\/v2\/pages"}],"about":[{"href":"https:\/\/www.huebenburg.com\/index.php\/wp-json\/wp\/v2\/types\/page"}],"author":[{"embeddable":true,"href":"https:\/\/www.huebenburg.com\/index.php\/wp-json\/wp\/v2\/users\/1"}],"replies":[{"embeddable":true,"href":"https:\/\/www.huebenburg.com\/index.php\/wp-json\/wp\/v2\/comments?post=1233"}],"version-history":[{"count":8,"href":"https:\/\/www.huebenburg.com\/index.php\/wp-json\/wp\/v2\/pages\/1233\/revisions"}],"predecessor-version":[{"id":3262,"href":"https:\/\/www.huebenburg.com\/index.php\/wp-json\/wp\/v2\/pages\/1233\/revisions\/3262"}],"wp:attachment":[{"href":"https:\/\/www.huebenburg.com\/index.php\/wp-json\/wp\/v2\/media?parent=1233"}],"curies":[{"name":"wp","href":"https:\/\/api.w.org\/{rel}","templated":true}]}}