{"id":2674,"date":"2023-08-24T12:41:03","date_gmt":"2023-08-24T10:41:03","guid":{"rendered":"https:\/\/www.huebenburg.com\/?page_id=2674"},"modified":"2023-09-12T12:11:41","modified_gmt":"2023-09-12T10:11:41","slug":"radhaus","status":"publish","type":"page","link":"https:\/\/www.huebenburg.com\/index.php\/radhaus\/","title":{"rendered":"Radhaus"},"content":{"rendered":"[vc_row type=&#8221;full_width_background&#8221; full_screen_row_position=&#8221;middle&#8221; column_margin=&#8221;default&#8221; equal_height=&#8221;yes&#8221; content_placement=&#8221;top&#8221; column_direction=&#8221;default&#8221; column_direction_tablet=&#8221;default&#8221; column_direction_phone=&#8221;default&#8221; bg_color=&#8221;#f2efea&#8221; scene_position=&#8221;center&#8221; top_padding=&#8221;5%&#8221; bottom_padding=&#8221;3%&#8221; text_color=&#8221;dark&#8221; text_align=&#8221;left&#8221; row_border_radius=&#8221;none&#8221; row_border_radius_applies=&#8221;bg&#8221; overflow=&#8221;visible&#8221; id=&#8221;explainer&#8221; overlay_strength=&#8221;0.3&#8243; gradient_direction=&#8221;left_to_right&#8221; shape_divider_position=&#8221;bottom&#8221; bg_image_animation=&#8221;none&#8221; shape_type=&#8221;&#8221;][vc_column column_padding=&#8221;padding-2-percent&#8221; column_padding_tablet=&#8221;inherit&#8221; column_padding_phone=&#8221;inherit&#8221; column_padding_position=&#8221;right&#8221; column_element_direction_desktop=&#8221;default&#8221; column_element_spacing=&#8221;default&#8221; desktop_text_alignment=&#8221;default&#8221; tablet_text_alignment=&#8221;default&#8221; phone_text_alignment=&#8221;default&#8221; background_color_opacity=&#8221;1&#8243; background_hover_color_opacity=&#8221;1&#8243; column_backdrop_filter=&#8221;none&#8221; column_shadow=&#8221;none&#8221; column_border_radius=&#8221;none&#8221; column_link_target=&#8221;_self&#8221; column_position=&#8221;default&#8221; gradient_direction=&#8221;left_to_right&#8221; overlay_strength=&#8221;0.3&#8243; width=&#8221;1\/3&#8243; tablet_width_inherit=&#8221;default&#8221; animation_type=&#8221;default&#8221; bg_image_animation=&#8221;none&#8221; border_type=&#8221;simple&#8221; column_border_width=&#8221;none&#8221; column_border_style=&#8221;solid&#8221;][vc_column_text css_animation=&#8221;fadeInUp&#8221; css=&#8221;.vc_custom_1694513495038{margin-bottom: 30px !important;}&#8221;]\n<h4>Highlight #5<\/h4>\n<h1>Fahrradraum<\/h1>\n<h3>f\u00fcr Ihre E-Bikes &amp; Mountainbikes<\/h3>\n<p>&nbsp;<\/p>\n<div class=\"text clear\">\n<div>In unserem abschlie\u00dfbarem Fahrradraum k\u00f6nnen Sie ihr E-Bike &amp; Mountainbike sicher verwahren. F\u00fcr jedes Fahrrad ist zus\u00e4tzlich ein abschlie\u00dfbarer Schrank zum Verstauen von Zubeh\u00f6r vorhanden.<\/div>\n<\/div>\n<div><\/div>\n<div>Kleinere Reparaturen erledigen Sie bequem mit dem vorhandenen Werkzeugkasten.<\/div>\n<div class=\"text clear\">\n<div class=\"hspacer s18\"><\/div>\n<\/div>\n[\/vc_column_text][\/vc_column][vc_column column_padding=&#8221;padding-2-percent&#8221; column_padding_tablet=&#8221;inherit&#8221; column_padding_phone=&#8221;inherit&#8221; column_padding_position=&#8221;all&#8221; column_element_direction_desktop=&#8221;default&#8221; column_element_spacing=&#8221;default&#8221; desktop_text_alignment=&#8221;default&#8221; tablet_text_alignment=&#8221;default&#8221; phone_text_alignment=&#8221;default&#8221; background_color_opacity=&#8221;1&#8243; background_hover_color_opacity=&#8221;1&#8243; column_backdrop_filter=&#8221;none&#8221; column_shadow=&#8221;none&#8221; column_border_radius=&#8221;none&#8221; column_link_target=&#8221;_self&#8221; column_position=&#8221;default&#8221; gradient_direction=&#8221;left_to_right&#8221; overlay_strength=&#8221;0.3&#8243; width=&#8221;2\/3&#8243; tablet_width_inherit=&#8221;default&#8221; animation_type=&#8221;default&#8221; bg_image_animation=&#8221;none&#8221; border_type=&#8221;simple&#8221; column_border_width=&#8221;none&#8221; column_border_style=&#8221;solid&#8221;][image_with_animation image_url=&#8221;2681&#8243; image_size=&#8221;full&#8221; animation_type=&#8221;entrance&#8221; animation=&#8221;Fade In From Bottom&#8221; animation_easing=&#8221;default&#8221; animation_movement_type=&#8221;transform_y&#8221; hover_animation=&#8221;none&#8221; alignment=&#8221;&#8221; img_link_large=&#8221;yes&#8221; border_radius=&#8221;none&#8221; box_shadow=&#8221;none&#8221; image_loading=&#8221;default&#8221; max_width=&#8221;125%&#8221; max_width_mobile=&#8221;default&#8221;][vc_row_inner column_margin=&#8221;default&#8221; column_direction=&#8221;default&#8221; column_direction_tablet=&#8221;default&#8221; column_direction_phone=&#8221;default&#8221; text_align=&#8221;left&#8221; row_position=&#8221;default&#8221; row_position_tablet=&#8221;inherit&#8221; row_position_phone=&#8221;inherit&#8221; overflow=&#8221;visible&#8221; pointer_events=&#8221;all&#8221;][vc_column_inner column_padding=&#8221;no-extra-padding&#8221; column_padding_tablet=&#8221;inherit&#8221; column_padding_phone=&#8221;inherit&#8221; column_padding_position=&#8221;all&#8221; column_element_direction_desktop=&#8221;default&#8221; column_element_spacing=&#8221;default&#8221; desktop_text_alignment=&#8221;default&#8221; tablet_text_alignment=&#8221;default&#8221; phone_text_alignment=&#8221;default&#8221; background_color_opacity=&#8221;1&#8243; background_hover_color_opacity=&#8221;1&#8243; column_backdrop_filter=&#8221;none&#8221; column_shadow=&#8221;none&#8221; column_border_radius=&#8221;none&#8221; column_link_target=&#8221;_self&#8221; overflow=&#8221;visible&#8221; gradient_direction=&#8221;left_to_right&#8221; overlay_strength=&#8221;0.3&#8243; width=&#8221;1\/1&#8243; tablet_width_inherit=&#8221;default&#8221; animation_type=&#8221;default&#8221; bg_image_animation=&#8221;none&#8221; border_type=&#8221;simple&#8221; column_border_width=&#8221;none&#8221; column_border_style=&#8221;solid&#8221;][image_with_animation image_url=&#8221;2678&#8243; image_size=&#8221;full&#8221; animation_type=&#8221;entrance&#8221; animation=&#8221;Fade In From Bottom&#8221; animation_easing=&#8221;default&#8221; animation_movement_type=&#8221;transform_y&#8221; hover_animation=&#8221;none&#8221; alignment=&#8221;&#8221; img_link_large=&#8221;yes&#8221; border_radius=&#8221;none&#8221; box_shadow=&#8221;none&#8221; image_loading=&#8221;default&#8221; max_width=&#8221;125%&#8221; max_width_mobile=&#8221;default&#8221;][\/vc_column_inner][\/vc_row_inner][\/vc_column][\/vc_row]\n","protected":false},"excerpt":{"rendered":"<p>[vc_row type=&#8221;full_width_background&#8221; full_screen_row_position=&#8221;middle&#8221; column_margin=&#8221;default&#8221; equal_height=&#8221;yes&#8221; content_placement=&#8221;top&#8221; column_direction=&#8221;default&#8221; column_direction_tablet=&#8221;default&#8221; column_direction_phone=&#8221;default&#8221; bg_color=&#8221;#f2efea&#8221; scene_position=&#8221;center&#8221; top_padding=&#8221;5%&#8221; bottom_padding=&#8221;3%&#8221; text_color=&#8221;dark&#8221; text_align=&#8221;left&#8221; row_border_radius=&#8221;none&#8221; row_border_radius_applies=&#8221;bg&#8221; overflow=&#8221;visible&#8221; id=&#8221;explainer&#8221; overlay_strength=&#8221;0.3&#8243; gradient_direction=&#8221;left_to_right&#8221; shape_divider_position=&#8221;bottom&#8221; bg_image_animation=&#8221;none&#8221; shape_type=&#8221;&#8221;][vc_column column_padding=&#8221;padding-2-percent&#8221; column_padding_tablet=&#8221;inherit&#8221; column_padding_phone=&#8221;inherit&#8221; column_padding_position=&#8221;right&#8221; column_element_direction_desktop=&#8221;default&#8221; column_element_spacing=&#8221;default&#8221;&#8230;<\/p>\n","protected":false},"author":1,"featured_media":2681,"parent":0,"menu_order":0,"comment_status":"closed","ping_status":"closed","template":"","meta":{"footnotes":""},"class_list":["post-2674","page","type-page","status-publish","has-post-thumbnail"],"yoast_head":"<!-- This site is optimized with the Yoast SEO plugin v27.6 - https:\/\/yoast.com\/product\/yoast-seo-wordpress\/ -->\n<title>Radhaus - Huebenburg<\/title>\n<meta name=\"robots\" content=\"index, follow, max-snippet:-1, max-image-preview:large, max-video-preview:-1\" \/>\n<link rel=\"canonical\" href=\"https:\/\/www.huebenburg.com\/index.php\/radhaus\/\" \/>\n<meta property=\"og:locale\" content=\"en_US\" \/>\n<meta property=\"og:type\" content=\"article\" \/>\n<meta property=\"og:title\" content=\"Radhaus - Huebenburg\" \/>\n<meta property=\"og:description\" content=\"[vc_row type=&#8221;full_width_background&#8221; full_screen_row_position=&#8221;middle&#8221; column_margin=&#8221;default&#8221; equal_height=&#8221;yes&#8221; content_placement=&#8221;top&#8221; column_direction=&#8221;default&#8221; column_direction_tablet=&#8221;default&#8221; column_direction_phone=&#8221;default&#8221; bg_color=&#8221;#f2efea&#8221; scene_position=&#8221;center&#8221; top_padding=&#8221;5%&#8221; bottom_padding=&#8221;3%&#8221; text_color=&#8221;dark&#8221; text_align=&#8221;left&#8221; row_border_radius=&#8221;none&#8221; row_border_radius_applies=&#8221;bg&#8221; overflow=&#8221;visible&#8221; id=&#8221;explainer&#8221; overlay_strength=&#8221;0.3&#8243; gradient_direction=&#8221;left_to_right&#8221; shape_divider_position=&#8221;bottom&#8221; bg_image_animation=&#8221;none&#8221; shape_type=&#8221;&#8221;][vc_column column_padding=&#8221;padding-2-percent&#8221; column_padding_tablet=&#8221;inherit&#8221; column_padding_phone=&#8221;inherit&#8221; column_padding_position=&#8221;right&#8221; column_element_direction_desktop=&#8221;default&#8221; column_element_spacing=&#8221;default&#8221;...\" \/>\n<meta property=\"og:url\" content=\"https:\/\/www.huebenburg.com\/index.php\/radhaus\/\" \/>\n<meta property=\"og:site_name\" content=\"Huebenburg\" \/>\n<meta property=\"article:publisher\" content=\"https:\/\/www.facebook.com\/huebenburg\/\" \/>\n<meta property=\"article:modified_time\" content=\"2023-09-12T10:11:41+00:00\" \/>\n<meta property=\"og:image\" content=\"https:\/\/www.huebenburg.com\/wp-content\/uploads\/2023\/08\/Image-scaled.jpeg\" \/>\n\t<meta property=\"og:image:width\" content=\"2560\" \/>\n\t<meta property=\"og:image:height\" content=\"1920\" \/>\n\t<meta property=\"og:image:type\" content=\"image\/jpeg\" \/>\n<meta name=\"twitter:card\" content=\"summary_large_image\" \/>\n<meta name=\"twitter:label1\" content=\"Est. reading time\" \/>\n\t<meta name=\"twitter:data1\" content=\"1 minute\" \/>\n<script type=\"application\/ld+json\" class=\"yoast-schema-graph\">{\"@context\":\"https:\\\/\\\/schema.org\",\"@graph\":[{\"@type\":\"WebPage\",\"@id\":\"https:\\\/\\\/www.huebenburg.com\\\/index.php\\\/radhaus\\\/\",\"url\":\"https:\\\/\\\/www.huebenburg.com\\\/index.php\\\/radhaus\\\/\",\"name\":\"Radhaus - Huebenburg\",\"isPartOf\":{\"@id\":\"https:\\\/\\\/www.huebenburg.com\\\/#website\"},\"primaryImageOfPage\":{\"@id\":\"https:\\\/\\\/www.huebenburg.com\\\/index.php\\\/radhaus\\\/#primaryimage\"},\"image\":{\"@id\":\"https:\\\/\\\/www.huebenburg.com\\\/index.php\\\/radhaus\\\/#primaryimage\"},\"thumbnailUrl\":\"https:\\\/\\\/www.huebenburg.com\\\/wp-content\\\/uploads\\\/2023\\\/08\\\/Image-scaled.jpeg\",\"datePublished\":\"2023-08-24T10:41:03+00:00\",\"dateModified\":\"2023-09-12T10:11:41+00:00\",\"breadcrumb\":{\"@id\":\"https:\\\/\\\/www.huebenburg.com\\\/index.php\\\/radhaus\\\/#breadcrumb\"},\"inLanguage\":\"en-US\",\"potentialAction\":[{\"@type\":\"ReadAction\",\"target\":[\"https:\\\/\\\/www.huebenburg.com\\\/index.php\\\/radhaus\\\/\"]}]},{\"@type\":\"ImageObject\",\"inLanguage\":\"en-US\",\"@id\":\"https:\\\/\\\/www.huebenburg.com\\\/index.php\\\/radhaus\\\/#primaryimage\",\"url\":\"https:\\\/\\\/www.huebenburg.com\\\/wp-content\\\/uploads\\\/2023\\\/08\\\/Image-scaled.jpeg\",\"contentUrl\":\"https:\\\/\\\/www.huebenburg.com\\\/wp-content\\\/uploads\\\/2023\\\/08\\\/Image-scaled.jpeg\",\"width\":2560,\"height\":1920,\"caption\":\"Huebenburg Radhaus\"},{\"@type\":\"BreadcrumbList\",\"@id\":\"https:\\\/\\\/www.huebenburg.com\\\/index.php\\\/radhaus\\\/#breadcrumb\",\"itemListElement\":[{\"@type\":\"ListItem\",\"position\":1,\"name\":\"Startseite\",\"item\":\"https:\\\/\\\/www.huebenburg.com\\\/\"},{\"@type\":\"ListItem\",\"position\":2,\"name\":\"Radhaus\"}]},{\"@type\":\"WebSite\",\"@id\":\"https:\\\/\\\/www.huebenburg.com\\\/#website\",\"url\":\"https:\\\/\\\/www.huebenburg.com\\\/\",\"name\":\"Ferienwohnungen Huebenburg in St. Pauls \\\/ Eppan \u2013 Ihr Urlaub mit Pool\",\"description\":\"Traumhafte Ferienwohnungen im S\u00fcden S\u00fcdtirols\",\"publisher\":{\"@id\":\"https:\\\/\\\/www.huebenburg.com\\\/#organization\"},\"potentialAction\":[{\"@type\":\"SearchAction\",\"target\":{\"@type\":\"EntryPoint\",\"urlTemplate\":\"https:\\\/\\\/www.huebenburg.com\\\/?s={search_term_string}\"},\"query-input\":{\"@type\":\"PropertyValueSpecification\",\"valueRequired\":true,\"valueName\":\"search_term_string\"}}],\"inLanguage\":\"en-US\"},{\"@type\":\"Organization\",\"@id\":\"https:\\\/\\\/www.huebenburg.com\\\/#organization\",\"name\":\"Huebenburg\",\"url\":\"https:\\\/\\\/www.huebenburg.com\\\/\",\"logo\":{\"@type\":\"ImageObject\",\"inLanguage\":\"en-US\",\"@id\":\"https:\\\/\\\/www.huebenburg.com\\\/#\\\/schema\\\/logo\\\/image\\\/\",\"url\":\"https:\\\/\\\/www.huebenburg.com\\\/wp-content\\\/uploads\\\/2021\\\/08\\\/logo-huebenburg.png\",\"contentUrl\":\"https:\\\/\\\/www.huebenburg.com\\\/wp-content\\\/uploads\\\/2021\\\/08\\\/logo-huebenburg.png\",\"width\":200,\"height\":80,\"caption\":\"Huebenburg\"},\"image\":{\"@id\":\"https:\\\/\\\/www.huebenburg.com\\\/#\\\/schema\\\/logo\\\/image\\\/\"},\"sameAs\":[\"https:\\\/\\\/www.facebook.com\\\/huebenburg\\\/\",\"https:\\\/\\\/www.instagram.com\\\/Huebenburg\\\/\"]}]}<\/script>\n<!-- \/ Yoast SEO plugin. -->","yoast_head_json":{"title":"Radhaus - Huebenburg","robots":{"index":"index","follow":"follow","max-snippet":"max-snippet:-1","max-image-preview":"max-image-preview:large","max-video-preview":"max-video-preview:-1"},"canonical":"https:\/\/www.huebenburg.com\/index.php\/radhaus\/","og_locale":"en_US","og_type":"article","og_title":"Radhaus - Huebenburg","og_description":"[vc_row type=&#8221;full_width_background&#8221; full_screen_row_position=&#8221;middle&#8221; column_margin=&#8221;default&#8221; equal_height=&#8221;yes&#8221; content_placement=&#8221;top&#8221; column_direction=&#8221;default&#8221; column_direction_tablet=&#8221;default&#8221; column_direction_phone=&#8221;default&#8221; bg_color=&#8221;#f2efea&#8221; scene_position=&#8221;center&#8221; top_padding=&#8221;5%&#8221; bottom_padding=&#8221;3%&#8221; text_color=&#8221;dark&#8221; text_align=&#8221;left&#8221; row_border_radius=&#8221;none&#8221; row_border_radius_applies=&#8221;bg&#8221; overflow=&#8221;visible&#8221; id=&#8221;explainer&#8221; overlay_strength=&#8221;0.3&#8243; gradient_direction=&#8221;left_to_right&#8221; shape_divider_position=&#8221;bottom&#8221; bg_image_animation=&#8221;none&#8221; shape_type=&#8221;&#8221;][vc_column column_padding=&#8221;padding-2-percent&#8221; column_padding_tablet=&#8221;inherit&#8221; column_padding_phone=&#8221;inherit&#8221; column_padding_position=&#8221;right&#8221; column_element_direction_desktop=&#8221;default&#8221; column_element_spacing=&#8221;default&#8221;...","og_url":"https:\/\/www.huebenburg.com\/index.php\/radhaus\/","og_site_name":"Huebenburg","article_publisher":"https:\/\/www.facebook.com\/huebenburg\/","article_modified_time":"2023-09-12T10:11:41+00:00","og_image":[{"width":2560,"height":1920,"url":"https:\/\/www.huebenburg.com\/wp-content\/uploads\/2023\/08\/Image-scaled.jpeg","type":"image\/jpeg"}],"twitter_card":"summary_large_image","twitter_misc":{"Est. reading time":"1 minute"},"schema":{"@context":"https:\/\/schema.org","@graph":[{"@type":"WebPage","@id":"https:\/\/www.huebenburg.com\/index.php\/radhaus\/","url":"https:\/\/www.huebenburg.com\/index.php\/radhaus\/","name":"Radhaus - Huebenburg","isPartOf":{"@id":"https:\/\/www.huebenburg.com\/#website"},"primaryImageOfPage":{"@id":"https:\/\/www.huebenburg.com\/index.php\/radhaus\/#primaryimage"},"image":{"@id":"https:\/\/www.huebenburg.com\/index.php\/radhaus\/#primaryimage"},"thumbnailUrl":"https:\/\/www.huebenburg.com\/wp-content\/uploads\/2023\/08\/Image-scaled.jpeg","datePublished":"2023-08-24T10:41:03+00:00","dateModified":"2023-09-12T10:11:41+00:00","breadcrumb":{"@id":"https:\/\/www.huebenburg.com\/index.php\/radhaus\/#breadcrumb"},"inLanguage":"en-US","potentialAction":[{"@type":"ReadAction","target":["https:\/\/www.huebenburg.com\/index.php\/radhaus\/"]}]},{"@type":"ImageObject","inLanguage":"en-US","@id":"https:\/\/www.huebenburg.com\/index.php\/radhaus\/#primaryimage","url":"https:\/\/www.huebenburg.com\/wp-content\/uploads\/2023\/08\/Image-scaled.jpeg","contentUrl":"https:\/\/www.huebenburg.com\/wp-content\/uploads\/2023\/08\/Image-scaled.jpeg","width":2560,"height":1920,"caption":"Huebenburg Radhaus"},{"@type":"BreadcrumbList","@id":"https:\/\/www.huebenburg.com\/index.php\/radhaus\/#breadcrumb","itemListElement":[{"@type":"ListItem","position":1,"name":"Startseite","item":"https:\/\/www.huebenburg.com\/"},{"@type":"ListItem","position":2,"name":"Radhaus"}]},{"@type":"WebSite","@id":"https:\/\/www.huebenburg.com\/#website","url":"https:\/\/www.huebenburg.com\/","name":"Ferienwohnungen Huebenburg in St. Pauls \/ Eppan \u2013 Ihr Urlaub mit Pool","description":"Traumhafte Ferienwohnungen im S\u00fcden S\u00fcdtirols","publisher":{"@id":"https:\/\/www.huebenburg.com\/#organization"},"potentialAction":[{"@type":"SearchAction","target":{"@type":"EntryPoint","urlTemplate":"https:\/\/www.huebenburg.com\/?s={search_term_string}"},"query-input":{"@type":"PropertyValueSpecification","valueRequired":true,"valueName":"search_term_string"}}],"inLanguage":"en-US"},{"@type":"Organization","@id":"https:\/\/www.huebenburg.com\/#organization","name":"Huebenburg","url":"https:\/\/www.huebenburg.com\/","logo":{"@type":"ImageObject","inLanguage":"en-US","@id":"https:\/\/www.huebenburg.com\/#\/schema\/logo\/image\/","url":"https:\/\/www.huebenburg.com\/wp-content\/uploads\/2021\/08\/logo-huebenburg.png","contentUrl":"https:\/\/www.huebenburg.com\/wp-content\/uploads\/2021\/08\/logo-huebenburg.png","width":200,"height":80,"caption":"Huebenburg"},"image":{"@id":"https:\/\/www.huebenburg.com\/#\/schema\/logo\/image\/"},"sameAs":["https:\/\/www.facebook.com\/huebenburg\/","https:\/\/www.instagram.com\/Huebenburg\/"]}]}},"_links":{"self":[{"href":"https:\/\/www.huebenburg.com\/index.php\/wp-json\/wp\/v2\/pages\/2674","targetHints":{"allow":["GET"]}}],"collection":[{"href":"https:\/\/www.huebenburg.com\/index.php\/wp-json\/wp\/v2\/pages"}],"about":[{"href":"https:\/\/www.huebenburg.com\/index.php\/wp-json\/wp\/v2\/types\/page"}],"author":[{"embeddable":true,"href":"https:\/\/www.huebenburg.com\/index.php\/wp-json\/wp\/v2\/users\/1"}],"replies":[{"embeddable":true,"href":"https:\/\/www.huebenburg.com\/index.php\/wp-json\/wp\/v2\/comments?post=2674"}],"version-history":[{"count":4,"href":"https:\/\/www.huebenburg.com\/index.php\/wp-json\/wp\/v2\/pages\/2674\/revisions"}],"predecessor-version":[{"id":2726,"href":"https:\/\/www.huebenburg.com\/index.php\/wp-json\/wp\/v2\/pages\/2674\/revisions\/2726"}],"wp:featuredmedia":[{"embeddable":true,"href":"https:\/\/www.huebenburg.com\/index.php\/wp-json\/wp\/v2\/media\/2681"}],"wp:attachment":[{"href":"https:\/\/www.huebenburg.com\/index.php\/wp-json\/wp\/v2\/media?parent=2674"}],"curies":[{"name":"wp","href":"https:\/\/api.w.org\/{rel}","templated":true}]}}