{"id":478,"date":"2019-07-07T17:23:57","date_gmt":"2019-07-07T15:23:57","guid":{"rendered":"http:\/\/huebenburgcom\/?page_id=478"},"modified":"2025-04-01T20:39:14","modified_gmt":"2025-04-01T18:39:14","slug":"guestcard","status":"publish","type":"page","link":"https:\/\/www.huebenburg.com\/index.php\/guestcard\/","title":{"rendered":"Guestcard"},"content":{"rendered":"[vc_row type=&#8221;in_container&#8221; full_screen_row_position=&#8221;middle&#8221; column_margin=&#8221;default&#8221; column_direction=&#8221;default&#8221; column_direction_tablet=&#8221;default&#8221; column_direction_phone=&#8221;default&#8221; scene_position=&#8221;center&#8221; text_color=&#8221;dark&#8221; text_align=&#8221;left&#8221; row_border_radius=&#8221;none&#8221; row_border_radius_applies=&#8221;bg&#8221; overflow=&#8221;visible&#8221; overlay_strength=&#8221;0.3&#8243; gradient_direction=&#8221;left_to_right&#8221; shape_divider_position=&#8221;bottom&#8221; bg_image_animation=&#8221;none&#8221;][vc_column column_padding=&#8221;no-extra-padding&#8221; column_padding_tablet=&#8221;inherit&#8221; column_padding_phone=&#8221;inherit&#8221; column_padding_position=&#8221;all&#8221; column_element_direction_desktop=&#8221;default&#8221; column_element_spacing=&#8221;default&#8221; desktop_text_alignment=&#8221;default&#8221; tablet_text_alignment=&#8221;default&#8221; phone_text_alignment=&#8221;default&#8221; background_color_opacity=&#8221;1&#8243; background_hover_color_opacity=&#8221;1&#8243; column_backdrop_filter=&#8221;none&#8221; column_shadow=&#8221;none&#8221; column_border_radius=&#8221;none&#8221; column_link_target=&#8221;_self&#8221; column_position=&#8221;default&#8221; gradient_direction=&#8221;left_to_right&#8221; overlay_strength=&#8221;0.3&#8243; width=&#8221;2\/3&#8243; tablet_width_inherit=&#8221;default&#8221; animation_type=&#8221;default&#8221; bg_image_animation=&#8221;none&#8221; border_type=&#8221;simple&#8221; column_border_width=&#8221;none&#8221; column_border_style=&#8221;solid&#8221;][vc_column_text css=&#8221;&#8221; text_direction=&#8221;default&#8221;]\n<h2>Guestcard &#8211; G\u00e4stekarte<\/h2>\n<h3>Ihre G\u00e4stekarte zum all-inklusive Urlaub in S\u00fcdtirol<\/h3>\n<p>Alle G\u00e4ste erhalten von uns die <b>G\u00e4stekarte <\/b>f\u00fcr die Dauer ihres Aufenthaltes. Diese Karte ist im Wohnungspreis bereits enthalten und wird Ihnen einen abwechslungsreichen Aufenthalt in unserem Haus garantieren. Freuen Sie sich auf viele all-inklusiv Leistungen!<\/p>\n<p><strong>Link zur App &#8211;&gt;<a href=\"https:\/\/www.suedtirolmobil.info\/de\/service-und-kontakt\/app-suedtirolmobil\" target=\"_blank\" rel=\"noopener\">Suedtirolmobil<\/a>: <\/strong>Infos schnell zur Hand, Fahrpl\u00e4ne und Fahrplansuche online[\/vc_column_text][\/vc_column][vc_column column_padding=&#8221;no-extra-padding&#8221; column_padding_tablet=&#8221;inherit&#8221; column_padding_phone=&#8221;inherit&#8221; column_padding_position=&#8221;all&#8221; column_element_direction_desktop=&#8221;default&#8221; column_element_spacing=&#8221;default&#8221; desktop_text_alignment=&#8221;default&#8221; tablet_text_alignment=&#8221;default&#8221; phone_text_alignment=&#8221;default&#8221; background_color_opacity=&#8221;1&#8243; background_hover_color_opacity=&#8221;1&#8243; column_backdrop_filter=&#8221;none&#8221; column_shadow=&#8221;none&#8221; column_border_radius=&#8221;none&#8221; column_link_target=&#8221;_self&#8221; column_position=&#8221;default&#8221; gradient_direction=&#8221;left_to_right&#8221; overlay_strength=&#8221;0.3&#8243; width=&#8221;1\/3&#8243; tablet_width_inherit=&#8221;default&#8221; animation_type=&#8221;default&#8221; bg_image_animation=&#8221;none&#8221; border_type=&#8221;simple&#8221; column_border_width=&#8221;none&#8221; column_border_style=&#8221;solid&#8221;][image_with_animation image_url=&#8221;3124&#8243; image_size=&#8221;full&#8221; animation_type=&#8221;entrance&#8221; animation=&#8221;Fade In&#8221; animation_easing=&#8221;default&#8221; animation_movement_type=&#8221;transform_y&#8221; hover_animation=&#8221;none&#8221; alignment=&#8221;&#8221; img_link_target=&#8221;_blank&#8221; border_radius=&#8221;none&#8221; box_shadow=&#8221;none&#8221; image_loading=&#8221;default&#8221; max_width=&#8221;100%&#8221; max_width_mobile=&#8221;default&#8221; img_link=&#8221;https:\/\/www.suedtirolmobil.info\/de\/tickets\/ticketfinder\/museumobil-card&#8221;][\/vc_column][\/vc_row][vc_row type=&#8221;in_container&#8221; full_screen_row_position=&#8221;middle&#8221; column_margin=&#8221;default&#8221; column_direction=&#8221;default&#8221; column_direction_tablet=&#8221;default&#8221; column_direction_phone=&#8221;default&#8221; scene_position=&#8221;center&#8221; text_color=&#8221;dark&#8221; text_align=&#8221;left&#8221; row_border_radius=&#8221;none&#8221; row_border_radius_applies=&#8221;bg&#8221; overflow=&#8221;visible&#8221; overlay_strength=&#8221;0.3&#8243; gradient_direction=&#8221;left_to_right&#8221; shape_divider_position=&#8221;bottom&#8221; bg_image_animation=&#8221;none&#8221;][vc_column column_padding=&#8221;no-extra-padding&#8221; column_padding_tablet=&#8221;inherit&#8221; column_padding_phone=&#8221;inherit&#8221; column_padding_position=&#8221;all&#8221; column_element_direction_desktop=&#8221;default&#8221; column_element_spacing=&#8221;default&#8221; desktop_text_alignment=&#8221;default&#8221; tablet_text_alignment=&#8221;default&#8221; phone_text_alignment=&#8221;default&#8221; background_color_opacity=&#8221;1&#8243; background_hover_color_opacity=&#8221;1&#8243; column_backdrop_filter=&#8221;none&#8221; column_shadow=&#8221;none&#8221; column_border_radius=&#8221;none&#8221; column_link_target=&#8221;_self&#8221; column_position=&#8221;default&#8221; gradient_direction=&#8221;left_to_right&#8221; overlay_strength=&#8221;0.3&#8243; width=&#8221;1\/1&#8243; tablet_width_inherit=&#8221;default&#8221; animation_type=&#8221;default&#8221; bg_image_animation=&#8221;none&#8221; border_type=&#8221;simple&#8221; column_border_width=&#8221;none&#8221; column_border_style=&#8221;solid&#8221;][divider line_type=&#8221;Full Width Line&#8221; line_thickness=&#8221;1&#8243; divider_color=&#8221;default&#8221; custom_height=&#8221;20&#8243;][\/vc_column][\/vc_row][vc_row type=&#8221;in_container&#8221; full_screen_row_position=&#8221;middle&#8221; column_margin=&#8221;default&#8221; column_direction=&#8221;default&#8221; column_direction_tablet=&#8221;default&#8221; column_direction_phone=&#8221;default&#8221; scene_position=&#8221;center&#8221; text_color=&#8221;dark&#8221; text_align=&#8221;left&#8221; row_border_radius=&#8221;none&#8221; row_border_radius_applies=&#8221;bg&#8221; overflow=&#8221;visible&#8221; overlay_strength=&#8221;0.3&#8243; gradient_direction=&#8221;left_to_right&#8221; shape_divider_position=&#8221;bottom&#8221; bg_image_animation=&#8221;none&#8221;][vc_column column_padding=&#8221;no-extra-padding&#8221; column_padding_tablet=&#8221;inherit&#8221; column_padding_phone=&#8221;inherit&#8221; column_padding_position=&#8221;all&#8221; column_element_direction_desktop=&#8221;default&#8221; column_element_spacing=&#8221;default&#8221; desktop_text_alignment=&#8221;default&#8221; tablet_text_alignment=&#8221;default&#8221; phone_text_alignment=&#8221;default&#8221; background_color_opacity=&#8221;1&#8243; background_hover_color_opacity=&#8221;1&#8243; column_backdrop_filter=&#8221;none&#8221; column_shadow=&#8221;none&#8221; column_border_radius=&#8221;none&#8221; column_link_target=&#8221;_self&#8221; column_position=&#8221;default&#8221; gradient_direction=&#8221;left_to_right&#8221; overlay_strength=&#8221;0.3&#8243; width=&#8221;1\/1&#8243; tablet_width_inherit=&#8221;default&#8221; animation_type=&#8221;default&#8221; bg_image_animation=&#8221;none&#8221; border_type=&#8221;simple&#8221; column_border_width=&#8221;none&#8221; column_border_style=&#8221;solid&#8221;][vc_column_text css=&#8221;&#8221; text_direction=&#8221;default&#8221;]\n<h3>Kostenlose Leistungen:<\/h3>\n<p>&nbsp;<\/p>\n<ul>\n<li><b>Uneingeschr\u00e4nkte Nutzung aller \u00f6ffentlichen Verkehrsmittel in S\u00fcdtirol<\/b>. Dazu geh\u00f6ren:\n<ul>\n<li>die Regionalz\u00fcge in S\u00fcdtirol (Brenner \u2013 Trient, Mals \u2013 Innichen)<\/li>\n<li>die Nahverkehrsbusse (Stadt-, \u00dcberland- und Citybusse)<\/li>\n<li>die Seilbahnen nach Ritten, Meransen, M\u00f6lten, V\u00f6ran und Kohlern<\/li>\n<li>die Trambahn Ritten und die Standseilbahn auf die Mendel<\/li>\n<li>das PostAuto Schweiz zwischen Mals und M\u00fcstair<\/li>\n<\/ul>\n<\/li>\n<\/ul>\n<p style=\"padding-left: 40px;\"><em>Ohne G\u00e4stekarte w\u00fcrde man z.B. f\u00fcr eine Fahrt mit der Mendelbahn \u20ac 11,00 pro Person bezahlen.<\/em><\/p>\n[\/vc_column_text][\/vc_column][\/vc_row][vc_row type=&#8221;in_container&#8221; full_screen_row_position=&#8221;middle&#8221; column_margin=&#8221;default&#8221; column_direction=&#8221;default&#8221; column_direction_tablet=&#8221;default&#8221; column_direction_phone=&#8221;default&#8221; scene_position=&#8221;center&#8221; text_color=&#8221;dark&#8221; text_align=&#8221;left&#8221; row_border_radius=&#8221;none&#8221; row_border_radius_applies=&#8221;bg&#8221; overflow=&#8221;visible&#8221; disable_element=&#8221;yes&#8221; overlay_strength=&#8221;0.3&#8243; gradient_direction=&#8221;left_to_right&#8221; shape_divider_position=&#8221;bottom&#8221; bg_image_animation=&#8221;none&#8221; gradient_type=&#8221;default&#8221; shape_type=&#8221;&#8221;][vc_column column_padding=&#8221;no-extra-padding&#8221; column_padding_tablet=&#8221;inherit&#8221; column_padding_phone=&#8221;inherit&#8221; column_padding_position=&#8221;all&#8221; column_element_direction_desktop=&#8221;default&#8221; column_element_spacing=&#8221;default&#8221; desktop_text_alignment=&#8221;default&#8221; tablet_text_alignment=&#8221;default&#8221; phone_text_alignment=&#8221;default&#8221; background_color_opacity=&#8221;1&#8243; background_hover_color_opacity=&#8221;1&#8243; column_backdrop_filter=&#8221;none&#8221; column_shadow=&#8221;none&#8221; column_border_radius=&#8221;none&#8221; column_link_target=&#8221;_self&#8221; column_position=&#8221;default&#8221; gradient_direction=&#8221;left_to_right&#8221; overlay_strength=&#8221;0.3&#8243; width=&#8221;1\/2&#8243; tablet_width_inherit=&#8221;default&#8221; animation_type=&#8221;default&#8221; bg_image_animation=&#8221;none&#8221; border_type=&#8221;simple&#8221; column_border_width=&#8221;none&#8221; column_border_style=&#8221;solid&#8221;][nectar_btn size=&#8221;large&#8221; open_new_tab=&#8221;true&#8221; button_style=&#8221;see-through&#8221; button_color_2=&#8221;extra-color-gradient-1&#8243; icon_family=&#8221;default_arrow&#8221; url=&#8221;https:\/\/www.huebenburg.com\/wp-content\/uploads\/2023\/04\/231183_Winepass_A4_de_2023-RZ.pdf&#8221; text=&#8221;Winepass Brosch\u00fcre&#8221; margin_top=&#8221;15&#8243;][vc_column_text]\n<h3>Kostenlose Leistungen:<\/h3>\n<p>&nbsp;<\/p>\n<ul>\n<li><b>Uneingeschr\u00e4nkte Nutzung aller \u00f6ffentlichen Verkehrsmittel in S\u00fcdtirol<\/b>. Dazu geh\u00f6ren:\n<ul>\n<li>die Regionalz\u00fcge in S\u00fcdtirol (Brenner \u2013 Trient, Mals \u2013 Innichen)<\/li>\n<li>die Nahverkehrsbusse (Stadt-, \u00dcberland- und Citybusse)<\/li>\n<li>die Seilbahnen nach Ritten, Meransen, Jenesien, M\u00f6lten, V\u00f6ran und Kohlern<\/li>\n<li>die Trambahn Ritten und die Standseilbahn auf die Mendel<\/li>\n<li>das PostAuto Schweiz zwischen Mals und M\u00fcstair<\/li>\n<\/ul>\n<\/li>\n<\/ul>\n<p style=\"padding-left: 40px;\"><em>Ohne Winepass Karte w\u00fcrde man z.B. f\u00fcr eine Fahrt mit der Mendelbahn \u20ac 11,00 pro Person bezahlen.<\/em><\/p>\n<ul>\n<li><b>Eintritt in rund 90 Museen, Schl\u00f6sser und Sammlungen in S\u00fcdtirol<\/b> wie das \u00d6tzimuseum, Messner Mountain Museen, Schloss Runkelstein, Weinmuseum, Geoparc Bletterbach, Planetarium Gummer &#8230;<\/li>\n<\/ul>\n<p style=\"padding-left: 40px;\">(Von November bis Ende M\u00e4rz sind nur mehr einige wenige in den St\u00e4dten ge\u00f6ffnet). <a href=\"http:\/\/www.suedtiroler-weinstrasse.it\/fileadmin\/user_upload\/medien\/winepass\/Museen.pdf\" target=\"_blank\" rel=\"noopener noreferrer\"><b>Hier<\/b><\/a> finden Sie die Liste der teilnehmenden Museen.<\/p>\n<p style=\"padding-left: 40px;\"><em>Ohne Winepass Karte w\u00fcrde man pro Museum einen Eintrittspreis zwischen \u20ac 6,00 &#8211; \u20ac 12,00 pro Person bezahlen.<\/em><\/p>\n[\/vc_column_text][\/vc_column][vc_column column_padding=&#8221;no-extra-padding&#8221; column_padding_tablet=&#8221;inherit&#8221; column_padding_phone=&#8221;inherit&#8221; column_padding_position=&#8221;all&#8221; column_element_direction_desktop=&#8221;default&#8221; column_element_spacing=&#8221;default&#8221; desktop_text_alignment=&#8221;default&#8221; tablet_text_alignment=&#8221;default&#8221; phone_text_alignment=&#8221;default&#8221; background_color_opacity=&#8221;1&#8243; background_hover_color_opacity=&#8221;1&#8243; column_backdrop_filter=&#8221;none&#8221; column_shadow=&#8221;none&#8221; column_border_radius=&#8221;none&#8221; column_link_target=&#8221;_self&#8221; column_position=&#8221;default&#8221; gradient_direction=&#8221;left_to_right&#8221; overlay_strength=&#8221;0.3&#8243; width=&#8221;1\/2&#8243; tablet_width_inherit=&#8221;default&#8221; animation_type=&#8221;default&#8221; bg_image_animation=&#8221;none&#8221; border_type=&#8221;simple&#8221; column_border_width=&#8221;none&#8221; column_border_style=&#8221;solid&#8221;][vc_column_text]\n<h3>50% Preisnachlass:<\/h3>\n<p>&nbsp;<\/p>\n<ul>\n<li><b>\u00dcber 60 Weinerlebnisse entlang der S\u00fcdtiroler Weinstrasse <\/b>&#8211; von April bis Ende Oktober &#8211; (Verkostungen, Weinparcours, Weingutsbesichtigungen etc.) werden f\u00fcr Sie erlebbar. <a href=\"https:\/\/www.huebenburg.com\/wp-content\/uploads\/2023\/04\/231183_Winepass_A4_de_2023-RZ.pdf\" target=\"_blank\" rel=\"noopener noreferrer\"><b>Hier<\/b><\/a> finden Sie die Liste der Leistungen rund um den Wein<\/li>\n<\/ul>\n<ul>\n<li><b>2 Eintritte (von Montag bis Freitag) in jedes der folgenden Schwimmb\u00e4der<\/b>:\n<ul>\n<li>Kleiner Montiggler See<\/li>\n<li>das Sport- und Erlebnisschwimmbad Tramin<\/li>\n<li>das Freibad in Auer<\/li>\n<\/ul>\n<\/li>\n<\/ul>\n<ul>\n<li><a href=\"http:\/\/abenteuerpark.it\" target=\"blank\" rel=\"noopener\">Abenteuerpark Kaltern<\/a>, 1 Eintritt pro Woche, von April bis Oktober<\/li>\n<li>E-Bike-Verleih bei Dave&#8217;s Garage in Kurtatsch<\/li>\n<li><a href=\"http:\/\/theater-bozen.it\" target=\"blank\" rel=\"noopener\">Vereinigte B\u00fchnen Bozen<\/a>, Gaumenspiel und Spielfreude, ganzj\u00e4hrig<\/li>\n<\/ul>\n[\/vc_column_text][\/vc_column][\/vc_row]\n","protected":false},"excerpt":{"rendered":"<p>[vc_row type=&#8221;in_container&#8221; full_screen_row_position=&#8221;middle&#8221; column_margin=&#8221;default&#8221; column_direction=&#8221;default&#8221; column_direction_tablet=&#8221;default&#8221; column_direction_phone=&#8221;default&#8221; scene_position=&#8221;center&#8221; text_color=&#8221;dark&#8221; text_align=&#8221;left&#8221; row_border_radius=&#8221;none&#8221; row_border_radius_applies=&#8221;bg&#8221; overflow=&#8221;visible&#8221; overlay_strength=&#8221;0.3&#8243; gradient_direction=&#8221;left_to_right&#8221; shape_divider_position=&#8221;bottom&#8221; bg_image_animation=&#8221;none&#8221;][vc_column column_padding=&#8221;no-extra-padding&#8221; column_padding_tablet=&#8221;inherit&#8221; column_padding_phone=&#8221;inherit&#8221; column_padding_position=&#8221;all&#8221; column_element_direction_desktop=&#8221;default&#8221; column_element_spacing=&#8221;default&#8221; desktop_text_alignment=&#8221;default&#8221; tablet_text_alignment=&#8221;default&#8221; phone_text_alignment=&#8221;default&#8221; background_color_opacity=&#8221;1&#8243; background_hover_color_opacity=&#8221;1&#8243; column_backdrop_filter=&#8221;none&#8221; column_shadow=&#8221;none&#8221;&#8230;<\/p>\n","protected":false},"author":1,"featured_media":0,"parent":0,"menu_order":0,"comment_status":"closed","ping_status":"closed","template":"","meta":{"footnotes":""},"class_list":["post-478","page","type-page","status-publish"],"yoast_head":"<!-- This site is optimized with the Yoast SEO plugin v27.6 - https:\/\/yoast.com\/product\/yoast-seo-wordpress\/ -->\n<title>Guestcard - Huebenburg<\/title>\n<meta name=\"robots\" content=\"index, follow, max-snippet:-1, max-image-preview:large, max-video-preview:-1\" \/>\n<link rel=\"canonical\" href=\"https:\/\/www.huebenburg.com\/index.php\/guestcard\/\" \/>\n<meta property=\"og:locale\" content=\"en_US\" \/>\n<meta property=\"og:type\" content=\"article\" \/>\n<meta property=\"og:title\" content=\"Guestcard - Huebenburg\" \/>\n<meta property=\"og:description\" content=\"[vc_row type=&#8221;in_container&#8221; full_screen_row_position=&#8221;middle&#8221; column_margin=&#8221;default&#8221; column_direction=&#8221;default&#8221; column_direction_tablet=&#8221;default&#8221; column_direction_phone=&#8221;default&#8221; scene_position=&#8221;center&#8221; text_color=&#8221;dark&#8221; text_align=&#8221;left&#8221; row_border_radius=&#8221;none&#8221; row_border_radius_applies=&#8221;bg&#8221; overflow=&#8221;visible&#8221; overlay_strength=&#8221;0.3&#8243; gradient_direction=&#8221;left_to_right&#8221; shape_divider_position=&#8221;bottom&#8221; bg_image_animation=&#8221;none&#8221;][vc_column column_padding=&#8221;no-extra-padding&#8221; column_padding_tablet=&#8221;inherit&#8221; column_padding_phone=&#8221;inherit&#8221; column_padding_position=&#8221;all&#8221; column_element_direction_desktop=&#8221;default&#8221; column_element_spacing=&#8221;default&#8221; desktop_text_alignment=&#8221;default&#8221; tablet_text_alignment=&#8221;default&#8221; phone_text_alignment=&#8221;default&#8221; background_color_opacity=&#8221;1&#8243; background_hover_color_opacity=&#8221;1&#8243; column_backdrop_filter=&#8221;none&#8221; column_shadow=&#8221;none&#8221;...\" \/>\n<meta property=\"og:url\" content=\"https:\/\/www.huebenburg.com\/index.php\/guestcard\/\" \/>\n<meta property=\"og:site_name\" content=\"Huebenburg\" \/>\n<meta property=\"article:publisher\" content=\"https:\/\/www.facebook.com\/huebenburg\/\" \/>\n<meta property=\"article:modified_time\" content=\"2025-04-01T18:39:14+00:00\" \/>\n<meta name=\"twitter:card\" content=\"summary_large_image\" \/>\n<meta name=\"twitter:label1\" content=\"Est. reading time\" \/>\n\t<meta name=\"twitter:data1\" content=\"3 minutes\" \/>\n<script type=\"application\/ld+json\" class=\"yoast-schema-graph\">{\"@context\":\"https:\\\/\\\/schema.org\",\"@graph\":[{\"@type\":\"WebPage\",\"@id\":\"https:\\\/\\\/www.huebenburg.com\\\/index.php\\\/guestcard\\\/\",\"url\":\"https:\\\/\\\/www.huebenburg.com\\\/index.php\\\/guestcard\\\/\",\"name\":\"Guestcard - Huebenburg\",\"isPartOf\":{\"@id\":\"https:\\\/\\\/www.huebenburg.com\\\/#website\"},\"datePublished\":\"2019-07-07T15:23:57+00:00\",\"dateModified\":\"2025-04-01T18:39:14+00:00\",\"breadcrumb\":{\"@id\":\"https:\\\/\\\/www.huebenburg.com\\\/index.php\\\/guestcard\\\/#breadcrumb\"},\"inLanguage\":\"en-US\",\"potentialAction\":[{\"@type\":\"ReadAction\",\"target\":[\"https:\\\/\\\/www.huebenburg.com\\\/index.php\\\/guestcard\\\/\"]}]},{\"@type\":\"BreadcrumbList\",\"@id\":\"https:\\\/\\\/www.huebenburg.com\\\/index.php\\\/guestcard\\\/#breadcrumb\",\"itemListElement\":[{\"@type\":\"ListItem\",\"position\":1,\"name\":\"Startseite\",\"item\":\"https:\\\/\\\/www.huebenburg.com\\\/\"},{\"@type\":\"ListItem\",\"position\":2,\"name\":\"Guestcard\"}]},{\"@type\":\"WebSite\",\"@id\":\"https:\\\/\\\/www.huebenburg.com\\\/#website\",\"url\":\"https:\\\/\\\/www.huebenburg.com\\\/\",\"name\":\"Ferienwohnungen Huebenburg in St. Pauls \\\/ Eppan \u2013 Ihr Urlaub mit Pool\",\"description\":\"Traumhafte Ferienwohnungen im S\u00fcden S\u00fcdtirols\",\"publisher\":{\"@id\":\"https:\\\/\\\/www.huebenburg.com\\\/#organization\"},\"potentialAction\":[{\"@type\":\"SearchAction\",\"target\":{\"@type\":\"EntryPoint\",\"urlTemplate\":\"https:\\\/\\\/www.huebenburg.com\\\/?s={search_term_string}\"},\"query-input\":{\"@type\":\"PropertyValueSpecification\",\"valueRequired\":true,\"valueName\":\"search_term_string\"}}],\"inLanguage\":\"en-US\"},{\"@type\":\"Organization\",\"@id\":\"https:\\\/\\\/www.huebenburg.com\\\/#organization\",\"name\":\"Huebenburg\",\"url\":\"https:\\\/\\\/www.huebenburg.com\\\/\",\"logo\":{\"@type\":\"ImageObject\",\"inLanguage\":\"en-US\",\"@id\":\"https:\\\/\\\/www.huebenburg.com\\\/#\\\/schema\\\/logo\\\/image\\\/\",\"url\":\"https:\\\/\\\/www.huebenburg.com\\\/wp-content\\\/uploads\\\/2021\\\/08\\\/logo-huebenburg.png\",\"contentUrl\":\"https:\\\/\\\/www.huebenburg.com\\\/wp-content\\\/uploads\\\/2021\\\/08\\\/logo-huebenburg.png\",\"width\":200,\"height\":80,\"caption\":\"Huebenburg\"},\"image\":{\"@id\":\"https:\\\/\\\/www.huebenburg.com\\\/#\\\/schema\\\/logo\\\/image\\\/\"},\"sameAs\":[\"https:\\\/\\\/www.facebook.com\\\/huebenburg\\\/\",\"https:\\\/\\\/www.instagram.com\\\/Huebenburg\\\/\"]}]}<\/script>\n<!-- \/ Yoast SEO plugin. -->","yoast_head_json":{"title":"Guestcard - Huebenburg","robots":{"index":"index","follow":"follow","max-snippet":"max-snippet:-1","max-image-preview":"max-image-preview:large","max-video-preview":"max-video-preview:-1"},"canonical":"https:\/\/www.huebenburg.com\/index.php\/guestcard\/","og_locale":"en_US","og_type":"article","og_title":"Guestcard - Huebenburg","og_description":"[vc_row type=&#8221;in_container&#8221; full_screen_row_position=&#8221;middle&#8221; column_margin=&#8221;default&#8221; column_direction=&#8221;default&#8221; column_direction_tablet=&#8221;default&#8221; column_direction_phone=&#8221;default&#8221; scene_position=&#8221;center&#8221; text_color=&#8221;dark&#8221; text_align=&#8221;left&#8221; row_border_radius=&#8221;none&#8221; row_border_radius_applies=&#8221;bg&#8221; overflow=&#8221;visible&#8221; overlay_strength=&#8221;0.3&#8243; gradient_direction=&#8221;left_to_right&#8221; shape_divider_position=&#8221;bottom&#8221; bg_image_animation=&#8221;none&#8221;][vc_column column_padding=&#8221;no-extra-padding&#8221; column_padding_tablet=&#8221;inherit&#8221; column_padding_phone=&#8221;inherit&#8221; column_padding_position=&#8221;all&#8221; column_element_direction_desktop=&#8221;default&#8221; column_element_spacing=&#8221;default&#8221; desktop_text_alignment=&#8221;default&#8221; tablet_text_alignment=&#8221;default&#8221; phone_text_alignment=&#8221;default&#8221; background_color_opacity=&#8221;1&#8243; background_hover_color_opacity=&#8221;1&#8243; column_backdrop_filter=&#8221;none&#8221; column_shadow=&#8221;none&#8221;...","og_url":"https:\/\/www.huebenburg.com\/index.php\/guestcard\/","og_site_name":"Huebenburg","article_publisher":"https:\/\/www.facebook.com\/huebenburg\/","article_modified_time":"2025-04-01T18:39:14+00:00","twitter_card":"summary_large_image","twitter_misc":{"Est. reading time":"3 minutes"},"schema":{"@context":"https:\/\/schema.org","@graph":[{"@type":"WebPage","@id":"https:\/\/www.huebenburg.com\/index.php\/guestcard\/","url":"https:\/\/www.huebenburg.com\/index.php\/guestcard\/","name":"Guestcard - Huebenburg","isPartOf":{"@id":"https:\/\/www.huebenburg.com\/#website"},"datePublished":"2019-07-07T15:23:57+00:00","dateModified":"2025-04-01T18:39:14+00:00","breadcrumb":{"@id":"https:\/\/www.huebenburg.com\/index.php\/guestcard\/#breadcrumb"},"inLanguage":"en-US","potentialAction":[{"@type":"ReadAction","target":["https:\/\/www.huebenburg.com\/index.php\/guestcard\/"]}]},{"@type":"BreadcrumbList","@id":"https:\/\/www.huebenburg.com\/index.php\/guestcard\/#breadcrumb","itemListElement":[{"@type":"ListItem","position":1,"name":"Startseite","item":"https:\/\/www.huebenburg.com\/"},{"@type":"ListItem","position":2,"name":"Guestcard"}]},{"@type":"WebSite","@id":"https:\/\/www.huebenburg.com\/#website","url":"https:\/\/www.huebenburg.com\/","name":"Ferienwohnungen Huebenburg in St. Pauls \/ Eppan \u2013 Ihr Urlaub mit Pool","description":"Traumhafte Ferienwohnungen im S\u00fcden S\u00fcdtirols","publisher":{"@id":"https:\/\/www.huebenburg.com\/#organization"},"potentialAction":[{"@type":"SearchAction","target":{"@type":"EntryPoint","urlTemplate":"https:\/\/www.huebenburg.com\/?s={search_term_string}"},"query-input":{"@type":"PropertyValueSpecification","valueRequired":true,"valueName":"search_term_string"}}],"inLanguage":"en-US"},{"@type":"Organization","@id":"https:\/\/www.huebenburg.com\/#organization","name":"Huebenburg","url":"https:\/\/www.huebenburg.com\/","logo":{"@type":"ImageObject","inLanguage":"en-US","@id":"https:\/\/www.huebenburg.com\/#\/schema\/logo\/image\/","url":"https:\/\/www.huebenburg.com\/wp-content\/uploads\/2021\/08\/logo-huebenburg.png","contentUrl":"https:\/\/www.huebenburg.com\/wp-content\/uploads\/2021\/08\/logo-huebenburg.png","width":200,"height":80,"caption":"Huebenburg"},"image":{"@id":"https:\/\/www.huebenburg.com\/#\/schema\/logo\/image\/"},"sameAs":["https:\/\/www.facebook.com\/huebenburg\/","https:\/\/www.instagram.com\/Huebenburg\/"]}]}},"_links":{"self":[{"href":"https:\/\/www.huebenburg.com\/index.php\/wp-json\/wp\/v2\/pages\/478","targetHints":{"allow":["GET"]}}],"collection":[{"href":"https:\/\/www.huebenburg.com\/index.php\/wp-json\/wp\/v2\/pages"}],"about":[{"href":"https:\/\/www.huebenburg.com\/index.php\/wp-json\/wp\/v2\/types\/page"}],"author":[{"embeddable":true,"href":"https:\/\/www.huebenburg.com\/index.php\/wp-json\/wp\/v2\/users\/1"}],"replies":[{"embeddable":true,"href":"https:\/\/www.huebenburg.com\/index.php\/wp-json\/wp\/v2\/comments?post=478"}],"version-history":[{"count":52,"href":"https:\/\/www.huebenburg.com\/index.php\/wp-json\/wp\/v2\/pages\/478\/revisions"}],"predecessor-version":[{"id":3639,"href":"https:\/\/www.huebenburg.com\/index.php\/wp-json\/wp\/v2\/pages\/478\/revisions\/3639"}],"wp:attachment":[{"href":"https:\/\/www.huebenburg.com\/index.php\/wp-json\/wp\/v2\/media?parent=478"}],"curies":[{"name":"wp","href":"https:\/\/api.w.org\/{rel}","templated":true}]}}