{"id":90,"date":"2018-11-07T14:28:15","date_gmt":"2018-11-07T13:28:15","guid":{"rendered":"http:\/\/huebenburgcom\/?page_id=90"},"modified":"2023-10-25T17:03:28","modified_gmt":"2023-10-25T15:03:28","slug":"anfrage","status":"publish","type":"page","link":"https:\/\/www.huebenburg.com\/index.php\/anfrage\/","title":{"rendered":"Anfrage"},"content":{"rendered":"[vc_row type=&#8221;in_container&#8221; full_screen_row_position=&#8221;middle&#8221; column_margin=&#8221;default&#8221; column_direction=&#8221;default&#8221; column_direction_tablet=&#8221;default&#8221; column_direction_phone=&#8221;default&#8221; scene_position=&#8221;center&#8221; text_color=&#8221;dark&#8221; text_align=&#8221;left&#8221; row_border_radius=&#8221;none&#8221; row_border_radius_applies=&#8221;bg&#8221; overflow=&#8221;visible&#8221; overlay_strength=&#8221;0.3&#8243; gradient_direction=&#8221;left_to_right&#8221; shape_divider_position=&#8221;bottom&#8221; bg_image_animation=&#8221;none&#8221; shape_type=&#8221;&#8221;][vc_column column_padding=&#8221;no-extra-padding&#8221; column_padding_tablet=&#8221;inherit&#8221; column_padding_phone=&#8221;inherit&#8221; column_padding_position=&#8221;all&#8221; column_element_direction_desktop=&#8221;default&#8221; column_element_spacing=&#8221;default&#8221; desktop_text_alignment=&#8221;default&#8221; tablet_text_alignment=&#8221;default&#8221; phone_text_alignment=&#8221;default&#8221; background_color=&#8221;#f2efea&#8221; background_color_opacity=&#8221;1&#8243; background_hover_color_opacity=&#8221;1&#8243; column_backdrop_filter=&#8221;none&#8221; column_shadow=&#8221;none&#8221; column_border_radius=&#8221;none&#8221; column_link_target=&#8221;_self&#8221; column_position=&#8221;default&#8221; gradient_direction=&#8221;left_to_right&#8221; overlay_strength=&#8221;0.3&#8243; width=&#8221;1\/1&#8243; tablet_width_inherit=&#8221;default&#8221; animation_type=&#8221;default&#8221; bg_image_animation=&#8221;none&#8221; border_type=&#8221;simple&#8221; column_border_width=&#8221;none&#8221; column_border_style=&#8221;solid&#8221;][\/vc_column][\/vc_row][vc_row type=&#8221;full_width_background&#8221; full_screen_row_position=&#8221;middle&#8221; column_margin=&#8221;default&#8221; column_direction=&#8221;default&#8221; column_direction_tablet=&#8221;default&#8221; column_direction_phone=&#8221;default&#8221; scene_position=&#8221;center&#8221; bottom_padding=&#8221;20&#8243; text_color=&#8221;dark&#8221; text_align=&#8221;left&#8221; row_border_radius=&#8221;none&#8221; row_border_radius_applies=&#8221;bg&#8221; overflow=&#8221;visible&#8221; overlay_strength=&#8221;0.3&#8243; gradient_direction=&#8221;left_to_right&#8221; shape_divider_position=&#8221;bottom&#8221; bg_image_animation=&#8221;none&#8221; shape_type=&#8221;&#8221;][vc_column column_padding=&#8221;no-extra-padding&#8221; column_padding_tablet=&#8221;inherit&#8221; column_padding_phone=&#8221;inherit&#8221; column_padding_position=&#8221;all&#8221; bottom_margin=&#8221;2%&#8221; column_element_direction_desktop=&#8221;default&#8221; column_element_spacing=&#8221;default&#8221; desktop_text_alignment=&#8221;default&#8221; tablet_text_alignment=&#8221;default&#8221; phone_text_alignment=&#8221;default&#8221; background_color_opacity=&#8221;1&#8243; background_hover_color_opacity=&#8221;1&#8243; column_backdrop_filter=&#8221;none&#8221; column_shadow=&#8221;none&#8221; column_border_radius=&#8221;none&#8221; column_link_target=&#8221;_self&#8221; column_position=&#8221;default&#8221; gradient_direction=&#8221;left_to_right&#8221; overlay_strength=&#8221;0.3&#8243; width=&#8221;1\/2&#8243; tablet_width_inherit=&#8221;default&#8221; animation_type=&#8221;default&#8221; bg_image_animation=&#8221;none&#8221; border_type=&#8221;simple&#8221; column_border_width=&#8221;none&#8221; column_border_style=&#8221;solid&#8221;][vc_custom_heading text=&#8221;Ferienwohnungen Huebenburg<br \/>\nan der S\u00fcdtiroler Weinstrasse&#8221; font_container=&#8221;tag:h2|text_align:left|color:%23000000&#8243; use_theme_fonts=&#8221;yes&#8221; css=&#8221;.vc_custom_1698246200104{margin-top: 65px !important;margin-bottom: 10px !important;}&#8221;][vc_column_text]Anfrage \/ Buchung<\/p>\n<div id=\"gtx-trans\" style=\"position: absolute; left: -220px; top: -9.22396px;\">\n<div class=\"gtx-trans-icon\"><\/div>\n<\/div>\n[\/vc_column_text][vc_column_text][\/vc_column_text]\n<div class=\"wpcf7 no-js\" id=\"wpcf7-f1156-o1\" lang=\"de-DE\" dir=\"ltr\" data-wpcf7-id=\"1156\">\n<div class=\"screen-reader-response\"><p role=\"status\" aria-live=\"polite\" aria-atomic=\"true\"><\/p> <ul><\/ul><\/div>\n<form action=\"\/index.php\/wp-json\/wp\/v2\/pages\/90#wpcf7-f1156-o1\" method=\"post\" class=\"wpcf7-form init\" aria-label=\"Kontaktformular\" novalidate=\"novalidate\" data-status=\"init\">\n<div style=\"display: none;\">\n<input type=\"hidden\" name=\"_wpcf7\" value=\"1156\" \/>\n<input type=\"hidden\" name=\"_wpcf7_version\" value=\"6.0.6\" \/>\n<input type=\"hidden\" name=\"_wpcf7_locale\" value=\"de_DE\" \/>\n<input type=\"hidden\" name=\"_wpcf7_unit_tag\" value=\"wpcf7-f1156-o1\" \/>\n<input type=\"hidden\" name=\"_wpcf7_container_post\" value=\"0\" \/>\n<input type=\"hidden\" name=\"_wpcf7_posted_data_hash\" value=\"\" \/>\n<\/div>\n<h3> Kontaktdaten:\n<\/h3>\n<p><label> <span class=\"wpcf7-form-control-wrap\" data-name=\"your-name\"><input size=\"40\" maxlength=\"400\" class=\"wpcf7-form-control wpcf7-text wpcf7-validates-as-required\" aria-required=\"true\" aria-invalid=\"false\" placeholder=\"Vorname (Pflichtfeld)\" value=\"\" type=\"text\" name=\"your-name\" \/><\/span> <\/label><br \/>\n<label> <span class=\"wpcf7-form-control-wrap\" data-name=\"your-lastname\"><input size=\"40\" maxlength=\"400\" class=\"wpcf7-form-control wpcf7-text wpcf7-validates-as-required\" aria-required=\"true\" aria-invalid=\"false\" placeholder=\"Nachname (Pflichtfeld)\" value=\"\" type=\"text\" name=\"your-lastname\" \/><\/span> <\/label>\n<\/p>\n<p><label> <span class=\"wpcf7-form-control-wrap\" data-name=\"your-email\"><input size=\"40\" maxlength=\"400\" class=\"wpcf7-form-control wpcf7-email wpcf7-validates-as-required wpcf7-text wpcf7-validates-as-email\" aria-required=\"true\" aria-invalid=\"false\" placeholder=\"E-Mail-Adresse (Pflichtfeld)\" value=\"\" type=\"email\" name=\"your-email\" \/><\/span> <\/label><br \/>\n<label> <span class=\"wpcf7-form-control-wrap\" data-name=\"telefon\"><input size=\"40\" maxlength=\"400\" class=\"wpcf7-form-control wpcf7-tel wpcf7-text wpcf7-validates-as-tel\" aria-invalid=\"false\" placeholder=\"Telefonnummer\" value=\"\" type=\"tel\" name=\"telefon\" \/><\/span> <\/label>\n<\/p>\n<p><span id=\"wpcf7-6a04541a1f1aa-wrapper\" class=\"wpcf7-form-control-wrap email-pot-wrap\" style=\"display:none !important; visibility:hidden !important;\"><label for=\"wpcf7-6a04541a1f1aa-field\" class=\"hp-message\">Bitte lasse dieses Feld leer.<\/label><input id=\"wpcf7-6a04541a1f1aa-field\"  class=\"wpcf7-form-control wpcf7-text\" type=\"text\" name=\"email-pot\" value=\"\" size=\"40\" tabindex=\"-1\" autocomplete=\"new-password\" \/><\/span>\n<\/p>\n<h3> Anschrift:\n<\/h3>\n<p><label> <span class=\"wpcf7-form-control-wrap\" data-name=\"strasse\"><input size=\"40\" maxlength=\"400\" class=\"wpcf7-form-control wpcf7-text\" aria-invalid=\"false\" placeholder=\"Stra\u00dfe\" value=\"\" type=\"text\" name=\"strasse\" \/><\/span> <\/label><br \/>\n<label> <span class=\"wpcf7-form-control-wrap\" data-name=\"plz\"><input size=\"40\" maxlength=\"400\" class=\"wpcf7-form-control wpcf7-text\" aria-invalid=\"false\" placeholder=\"PLZ\" value=\"\" type=\"text\" name=\"plz\" \/><\/span> <\/label><br \/>\n<label> <span class=\"wpcf7-form-control-wrap\" data-name=\"ort\"><input size=\"40\" maxlength=\"400\" class=\"wpcf7-form-control wpcf7-text\" aria-invalid=\"false\" placeholder=\"Stadt\/Ortschaft\" value=\"\" type=\"text\" name=\"ort\" \/><\/span> <\/label><br \/>\n<label> <span class=\"wpcf7-form-control-wrap\" data-name=\"land\"><input size=\"40\" maxlength=\"400\" class=\"wpcf7-form-control wpcf7-text\" aria-invalid=\"false\" placeholder=\"Land\" value=\"\" type=\"text\" name=\"land\" \/><\/span> <\/label>\n<\/p>\n<h3> Aufenthalt:\n<\/h3>\n<p><label> Anreisedatum: <span class=\"wpcf7-form-control-wrap\" data-name=\"anreisedatum\"><input class=\"wpcf7-form-control wpcf7-date wpcf7-validates-as-date\" aria-invalid=\"false\" value=\"\" type=\"date\" name=\"anreisedatum\" \/><\/span> <\/label><br \/>\n<label> Abreisedatum: <span class=\"wpcf7-form-control-wrap\" data-name=\"abreisedatum\"><input class=\"wpcf7-form-control wpcf7-date wpcf7-validates-as-date\" aria-invalid=\"false\" value=\"\" type=\"date\" name=\"abreisedatum\" \/><\/span> <\/label>\n<\/p>\n<p>Wohnungen:<br \/>\n<span class=\"wpcf7-form-control-wrap\" data-name=\"fewo\"><span class=\"wpcf7-form-control wpcf7-checkbox\"><span class=\"wpcf7-list-item first\"><label><input type=\"checkbox\" name=\"fewo[]\" value=\"Greifenstein (2 Pers.)\" \/><span class=\"wpcf7-list-item-label\">Greifenstein (2 Pers.)<\/span><\/label><\/span><span class=\"wpcf7-list-item\"><label><input type=\"checkbox\" name=\"fewo[]\" value=\"Hocheppan (2-4 Pers.)\" \/><span class=\"wpcf7-list-item-label\">Hocheppan (2-4 Pers.)<\/span><\/label><\/span><span class=\"wpcf7-list-item\"><label><input type=\"checkbox\" name=\"fewo[]\" value=\"Maultasch (2-4 Pers.)\" \/><span class=\"wpcf7-list-item-label\">Maultasch (2-4 Pers.)<\/span><\/label><\/span><span class=\"wpcf7-list-item last\"><label><input type=\"checkbox\" name=\"fewo[]\" value=\"Boymont (2 Pers.)\" \/><span class=\"wpcf7-list-item-label\">Boymont (2 Pers.)<\/span><\/label><\/span><\/span><\/span>\n<\/p>\n<p><label> <span class=\"wpcf7-form-control-wrap\" data-name=\"erwachsene\"><input class=\"wpcf7-form-control wpcf7-number wpcf7-validates-as-number\" id=\"anfrage_erwachsene\" min=\"1\" max=\"10\" aria-invalid=\"false\" placeholder=\"Anzahl Erwachsene\" value=\"\" type=\"number\" name=\"erwachsene\" \/><\/span> <\/label><br \/>\n<label> <span class=\"wpcf7-form-control-wrap\" data-name=\"kinder\"><input class=\"wpcf7-form-control wpcf7-number wpcf7-validates-as-number\" id=\"anfrage_kinder\" min=\"0\" max=\"4\" aria-invalid=\"false\" placeholder=\"Anzahl Kinder\" value=\"\" type=\"number\" name=\"kinder\" \/><\/span> <\/label><br \/>\n<label> <span class=\"wpcf7-form-control-wrap\" data-name=\"alter\"><input size=\"40\" maxlength=\"400\" class=\"wpcf7-form-control wpcf7-text\" aria-invalid=\"false\" placeholder=\"Alter der Kinder\" value=\"\" type=\"text\" name=\"alter\" \/><\/span> <\/label>\n<\/p>\n<p>>>> HAUSTIERE SIND NICHT ERLAUBT <<<\n<\/p>\n<h3> Sonstiges:\n<\/h3>\n<p><label> Woher haben Sie von uns erfahren?<br \/>\n<span class=\"wpcf7-form-control-wrap\" data-name=\"woher\"><textarea cols=\"40\" rows=\"10\" maxlength=\"2000\" class=\"wpcf7-form-control wpcf7-textarea\" aria-invalid=\"false\" name=\"woher\"><\/textarea><\/span> <\/label><br \/>\n<label> Haben Sie noch spezielle W\u00fcnsche und Fragen?<br \/>\n<span class=\"wpcf7-form-control-wrap\" data-name=\"fragen\"><textarea cols=\"40\" rows=\"10\" maxlength=\"2000\" class=\"wpcf7-form-control wpcf7-textarea\" aria-invalid=\"false\" name=\"fragen\"><\/textarea><\/span> <\/label>\n<\/p>\n<p><input class=\"wpcf7-form-control wpcf7-submit has-spinner\" type=\"submit\" value=\"Senden\" \/>\n<\/p><div class=\"wpcf7-response-output\" aria-hidden=\"true\"><\/div>\n<\/form>\n<\/div>\n[\/vc_column][vc_column column_padding=&#8221;padding-4-percent&#8221; column_padding_tablet=&#8221;inherit&#8221; column_padding_phone=&#8221;inherit&#8221; column_padding_position=&#8221;all&#8221; top_margin=&#8221;4%&#8221; column_element_direction_desktop=&#8221;default&#8221; column_element_spacing=&#8221;default&#8221; desktop_text_alignment=&#8221;default&#8221; tablet_text_alignment=&#8221;default&#8221; phone_text_alignment=&#8221;default&#8221; background_color_opacity=&#8221;1&#8243; background_hover_color_opacity=&#8221;1&#8243; column_backdrop_filter=&#8221;none&#8221; column_shadow=&#8221;none&#8221; column_border_radius=&#8221;none&#8221; column_link_target=&#8221;_self&#8221; column_position=&#8221;default&#8221; gradient_direction=&#8221;left_to_right&#8221; overlay_strength=&#8221;0.3&#8243; width=&#8221;1\/2&#8243; tablet_width_inherit=&#8221;default&#8221; animation_type=&#8221;default&#8221; bg_image_animation=&#8221;none&#8221; border_type=&#8221;simple&#8221; column_border_width=&#8221;none&#8221; column_border_style=&#8221;solid&#8221;][vc_gallery type=&#8221;nectarslider_style&#8221; images=&#8221;1069,1054,1042,1029,1023,980,974,860,854,915,800,803&#8243; image_loading=&#8221;default&#8221; bullet_navigation_style=&#8221;see_through&#8221; onclick=&#8221;link_no&#8221;][\/vc_column][\/vc_row]\n","protected":false},"excerpt":{"rendered":"<p>[vc_row type=&#8221;in_container&#8221; full_screen_row_position=&#8221;middle&#8221; column_margin=&#8221;default&#8221; column_direction=&#8221;default&#8221; column_direction_tablet=&#8221;default&#8221; column_direction_phone=&#8221;default&#8221; scene_position=&#8221;center&#8221; text_color=&#8221;dark&#8221; text_align=&#8221;left&#8221; row_border_radius=&#8221;none&#8221; row_border_radius_applies=&#8221;bg&#8221; overflow=&#8221;visible&#8221; overlay_strength=&#8221;0.3&#8243; gradient_direction=&#8221;left_to_right&#8221; shape_divider_position=&#8221;bottom&#8221; bg_image_animation=&#8221;none&#8221; shape_type=&#8221;&#8221;][vc_column column_padding=&#8221;no-extra-padding&#8221; column_padding_tablet=&#8221;inherit&#8221; column_padding_phone=&#8221;inherit&#8221; column_padding_position=&#8221;all&#8221; column_element_direction_desktop=&#8221;default&#8221; column_element_spacing=&#8221;default&#8221; desktop_text_alignment=&#8221;default&#8221; tablet_text_alignment=&#8221;default&#8221; phone_text_alignment=&#8221;default&#8221; background_color=&#8221;#f2efea&#8221; background_color_opacity=&#8221;1&#8243; background_hover_color_opacity=&#8221;1&#8243;&#8230;<\/p>\n","protected":false},"author":1,"featured_media":0,"parent":0,"menu_order":0,"comment_status":"closed","ping_status":"closed","template":"","meta":{"footnotes":""},"class_list":["post-90","page","type-page","status-publish"],"yoast_head":"<!-- This site is optimized with the Yoast SEO plugin v27.6 - https:\/\/yoast.com\/product\/yoast-seo-wordpress\/ -->\n<title>Anfrage - Buchen Sie Ihren Traumurlaub im S\u00fcden S\u00fcdtirols - Huebenburg<\/title>\n<meta name=\"description\" content=\"Ihr Traumurlaub ist nur ein paar Klicks entfernt. Hier k\u00f6nnen Sie uns eine Anfrage senden. Wir melden uns so rasch wie m\u00f6glich bei Ihnen.\" \/>\n<meta name=\"robots\" content=\"index, follow, max-snippet:-1, max-image-preview:large, max-video-preview:-1\" \/>\n<link rel=\"canonical\" href=\"https:\/\/www.huebenburg.com\/index.php\/anfrage\/\" \/>\n<meta property=\"og:locale\" content=\"en_US\" \/>\n<meta property=\"og:type\" content=\"article\" \/>\n<meta property=\"og:title\" content=\"Anfrage - Buchen Sie Ihren Traumurlaub im S\u00fcden S\u00fcdtirols - Huebenburg\" \/>\n<meta property=\"og:description\" content=\"Ihr Traumurlaub ist nur ein paar Klicks entfernt. Hier k\u00f6nnen Sie uns eine Anfrage senden. Wir melden uns so rasch wie m\u00f6glich bei Ihnen.\" \/>\n<meta property=\"og:url\" content=\"https:\/\/www.huebenburg.com\/index.php\/anfrage\/\" \/>\n<meta property=\"og:site_name\" content=\"Huebenburg\" \/>\n<meta property=\"article:publisher\" content=\"https:\/\/www.facebook.com\/huebenburg\/\" \/>\n<meta property=\"article:modified_time\" content=\"2023-10-25T15:03:28+00:00\" \/>\n<meta name=\"twitter:card\" content=\"summary_large_image\" \/>\n<meta name=\"twitter:label1\" content=\"Est. reading time\" \/>\n\t<meta name=\"twitter:data1\" content=\"1 minute\" \/>\n<script type=\"application\/ld+json\" class=\"yoast-schema-graph\">{\"@context\":\"https:\\\/\\\/schema.org\",\"@graph\":[{\"@type\":\"WebPage\",\"@id\":\"https:\\\/\\\/www.huebenburg.com\\\/index.php\\\/anfrage\\\/\",\"url\":\"https:\\\/\\\/www.huebenburg.com\\\/index.php\\\/anfrage\\\/\",\"name\":\"Anfrage - Buchen Sie Ihren Traumurlaub im S\u00fcden S\u00fcdtirols - Huebenburg\",\"isPartOf\":{\"@id\":\"https:\\\/\\\/www.huebenburg.com\\\/#website\"},\"datePublished\":\"2018-11-07T13:28:15+00:00\",\"dateModified\":\"2023-10-25T15:03:28+00:00\",\"description\":\"Ihr Traumurlaub ist nur ein paar Klicks entfernt. Hier k\u00f6nnen Sie uns eine Anfrage senden. Wir melden uns so rasch wie m\u00f6glich bei Ihnen.\",\"breadcrumb\":{\"@id\":\"https:\\\/\\\/www.huebenburg.com\\\/index.php\\\/anfrage\\\/#breadcrumb\"},\"inLanguage\":\"en-US\",\"potentialAction\":[{\"@type\":\"ReadAction\",\"target\":[\"https:\\\/\\\/www.huebenburg.com\\\/index.php\\\/anfrage\\\/\"]}]},{\"@type\":\"BreadcrumbList\",\"@id\":\"https:\\\/\\\/www.huebenburg.com\\\/index.php\\\/anfrage\\\/#breadcrumb\",\"itemListElement\":[{\"@type\":\"ListItem\",\"position\":1,\"name\":\"Startseite\",\"item\":\"https:\\\/\\\/www.huebenburg.com\\\/\"},{\"@type\":\"ListItem\",\"position\":2,\"name\":\"Anfrage\"}]},{\"@type\":\"WebSite\",\"@id\":\"https:\\\/\\\/www.huebenburg.com\\\/#website\",\"url\":\"https:\\\/\\\/www.huebenburg.com\\\/\",\"name\":\"Ferienwohnungen Huebenburg in St. Pauls \\\/ Eppan \u2013 Ihr Urlaub mit Pool\",\"description\":\"Traumhafte Ferienwohnungen im S\u00fcden S\u00fcdtirols\",\"publisher\":{\"@id\":\"https:\\\/\\\/www.huebenburg.com\\\/#organization\"},\"potentialAction\":[{\"@type\":\"SearchAction\",\"target\":{\"@type\":\"EntryPoint\",\"urlTemplate\":\"https:\\\/\\\/www.huebenburg.com\\\/?s={search_term_string}\"},\"query-input\":{\"@type\":\"PropertyValueSpecification\",\"valueRequired\":true,\"valueName\":\"search_term_string\"}}],\"inLanguage\":\"en-US\"},{\"@type\":\"Organization\",\"@id\":\"https:\\\/\\\/www.huebenburg.com\\\/#organization\",\"name\":\"Huebenburg\",\"url\":\"https:\\\/\\\/www.huebenburg.com\\\/\",\"logo\":{\"@type\":\"ImageObject\",\"inLanguage\":\"en-US\",\"@id\":\"https:\\\/\\\/www.huebenburg.com\\\/#\\\/schema\\\/logo\\\/image\\\/\",\"url\":\"https:\\\/\\\/www.huebenburg.com\\\/wp-content\\\/uploads\\\/2021\\\/08\\\/logo-huebenburg.png\",\"contentUrl\":\"https:\\\/\\\/www.huebenburg.com\\\/wp-content\\\/uploads\\\/2021\\\/08\\\/logo-huebenburg.png\",\"width\":200,\"height\":80,\"caption\":\"Huebenburg\"},\"image\":{\"@id\":\"https:\\\/\\\/www.huebenburg.com\\\/#\\\/schema\\\/logo\\\/image\\\/\"},\"sameAs\":[\"https:\\\/\\\/www.facebook.com\\\/huebenburg\\\/\",\"https:\\\/\\\/www.instagram.com\\\/Huebenburg\\\/\"]}]}<\/script>\n<!-- \/ Yoast SEO plugin. -->","yoast_head_json":{"title":"Anfrage - Buchen Sie Ihren Traumurlaub im S\u00fcden S\u00fcdtirols - Huebenburg","description":"Ihr Traumurlaub ist nur ein paar Klicks entfernt. Hier k\u00f6nnen Sie uns eine Anfrage senden. Wir melden uns so rasch wie m\u00f6glich bei Ihnen.","robots":{"index":"index","follow":"follow","max-snippet":"max-snippet:-1","max-image-preview":"max-image-preview:large","max-video-preview":"max-video-preview:-1"},"canonical":"https:\/\/www.huebenburg.com\/index.php\/anfrage\/","og_locale":"en_US","og_type":"article","og_title":"Anfrage - Buchen Sie Ihren Traumurlaub im S\u00fcden S\u00fcdtirols - Huebenburg","og_description":"Ihr Traumurlaub ist nur ein paar Klicks entfernt. Hier k\u00f6nnen Sie uns eine Anfrage senden. Wir melden uns so rasch wie m\u00f6glich bei Ihnen.","og_url":"https:\/\/www.huebenburg.com\/index.php\/anfrage\/","og_site_name":"Huebenburg","article_publisher":"https:\/\/www.facebook.com\/huebenburg\/","article_modified_time":"2023-10-25T15:03:28+00:00","twitter_card":"summary_large_image","twitter_misc":{"Est. reading time":"1 minute"},"schema":{"@context":"https:\/\/schema.org","@graph":[{"@type":"WebPage","@id":"https:\/\/www.huebenburg.com\/index.php\/anfrage\/","url":"https:\/\/www.huebenburg.com\/index.php\/anfrage\/","name":"Anfrage - Buchen Sie Ihren Traumurlaub im S\u00fcden S\u00fcdtirols - Huebenburg","isPartOf":{"@id":"https:\/\/www.huebenburg.com\/#website"},"datePublished":"2018-11-07T13:28:15+00:00","dateModified":"2023-10-25T15:03:28+00:00","description":"Ihr Traumurlaub ist nur ein paar Klicks entfernt. Hier k\u00f6nnen Sie uns eine Anfrage senden. Wir melden uns so rasch wie m\u00f6glich bei Ihnen.","breadcrumb":{"@id":"https:\/\/www.huebenburg.com\/index.php\/anfrage\/#breadcrumb"},"inLanguage":"en-US","potentialAction":[{"@type":"ReadAction","target":["https:\/\/www.huebenburg.com\/index.php\/anfrage\/"]}]},{"@type":"BreadcrumbList","@id":"https:\/\/www.huebenburg.com\/index.php\/anfrage\/#breadcrumb","itemListElement":[{"@type":"ListItem","position":1,"name":"Startseite","item":"https:\/\/www.huebenburg.com\/"},{"@type":"ListItem","position":2,"name":"Anfrage"}]},{"@type":"WebSite","@id":"https:\/\/www.huebenburg.com\/#website","url":"https:\/\/www.huebenburg.com\/","name":"Ferienwohnungen Huebenburg in St. Pauls \/ Eppan \u2013 Ihr Urlaub mit Pool","description":"Traumhafte Ferienwohnungen im S\u00fcden S\u00fcdtirols","publisher":{"@id":"https:\/\/www.huebenburg.com\/#organization"},"potentialAction":[{"@type":"SearchAction","target":{"@type":"EntryPoint","urlTemplate":"https:\/\/www.huebenburg.com\/?s={search_term_string}"},"query-input":{"@type":"PropertyValueSpecification","valueRequired":true,"valueName":"search_term_string"}}],"inLanguage":"en-US"},{"@type":"Organization","@id":"https:\/\/www.huebenburg.com\/#organization","name":"Huebenburg","url":"https:\/\/www.huebenburg.com\/","logo":{"@type":"ImageObject","inLanguage":"en-US","@id":"https:\/\/www.huebenburg.com\/#\/schema\/logo\/image\/","url":"https:\/\/www.huebenburg.com\/wp-content\/uploads\/2021\/08\/logo-huebenburg.png","contentUrl":"https:\/\/www.huebenburg.com\/wp-content\/uploads\/2021\/08\/logo-huebenburg.png","width":200,"height":80,"caption":"Huebenburg"},"image":{"@id":"https:\/\/www.huebenburg.com\/#\/schema\/logo\/image\/"},"sameAs":["https:\/\/www.facebook.com\/huebenburg\/","https:\/\/www.instagram.com\/Huebenburg\/"]}]}},"_links":{"self":[{"href":"https:\/\/www.huebenburg.com\/index.php\/wp-json\/wp\/v2\/pages\/90","targetHints":{"allow":["GET"]}}],"collection":[{"href":"https:\/\/www.huebenburg.com\/index.php\/wp-json\/wp\/v2\/pages"}],"about":[{"href":"https:\/\/www.huebenburg.com\/index.php\/wp-json\/wp\/v2\/types\/page"}],"author":[{"embeddable":true,"href":"https:\/\/www.huebenburg.com\/index.php\/wp-json\/wp\/v2\/users\/1"}],"replies":[{"embeddable":true,"href":"https:\/\/www.huebenburg.com\/index.php\/wp-json\/wp\/v2\/comments?post=90"}],"version-history":[{"count":50,"href":"https:\/\/www.huebenburg.com\/index.php\/wp-json\/wp\/v2\/pages\/90\/revisions"}],"predecessor-version":[{"id":2816,"href":"https:\/\/www.huebenburg.com\/index.php\/wp-json\/wp\/v2\/pages\/90\/revisions\/2816"}],"wp:attachment":[{"href":"https:\/\/www.huebenburg.com\/index.php\/wp-json\/wp\/v2\/media?parent=90"}],"curies":[{"name":"wp","href":"https:\/\/api.w.org\/{rel}","templated":true}]}}